{"id":10579,"date":"2024-01-31T06:39:01","date_gmt":"2024-01-31T06:39:01","guid":{"rendered":"https:\/\/jumper.it\/aiway\/?page_id=10579"},"modified":"2024-02-03T11:46:42","modified_gmt":"2024-02-03T11:46:42","slug":"inscricao","status":"publish","type":"page","link":"https:\/\/jumper.it\/aiway\/br\/account-inscricao\/inscricao\/","title":{"rendered":"Inscri\u00e7\u00e3o"},"content":{"rendered":"\t\t<div data-elementor-type=\"wp-page\" data-elementor-id=\"10579\" class=\"elementor elementor-10579\">\n\t\t\t\t\t\t<section class=\"elementor-section elementor-top-section elementor-element elementor-element-908336c elementor-section-boxed elementor-section-height-default elementor-section-height-default qodef-elementor-content-no\" data-id=\"908336c\" data-element_type=\"section\" data-e-type=\"section\">\n\t\t\t\t\t\t<div class=\"elementor-container elementor-column-gap-default\">\n\t\t\t\t\t<div class=\"elementor-column elementor-col-100 elementor-top-column elementor-element elementor-element-feb1ce8\" data-id=\"feb1ce8\" data-element_type=\"column\" data-e-type=\"column\">\n\t\t\t<div class=\"elementor-widget-wrap elementor-element-populated\">\n\t\t\t\t\t\t<div class=\"elementor-element elementor-element-7264699 elementor-widget elementor-widget-image\" data-id=\"7264699\" data-element_type=\"widget\" data-e-type=\"widget\" data-widget_type=\"image.default\">\n\t\t\t\t<div class=\"elementor-widget-container\">\n\t\t\t\t\t\t\t\t\t\t\t\t\t\t\t<img fetchpriority=\"high\" decoding=\"async\" width=\"1024\" height=\"576\" src=\"https:\/\/jumper.it\/aiway\/wp-content\/uploads\/2023\/12\/Abbonamento-2_Horizontal-1-1024x576.jpg\" class=\"attachment-large size-large wp-image-10311\" alt=\"AIWAY abbonamento\" srcset=\"https:\/\/jumper.it\/aiway\/wp-content\/uploads\/2023\/12\/Abbonamento-2_Horizontal-1-1024x576.jpg 1024w, https:\/\/jumper.it\/aiway\/wp-content\/uploads\/2023\/12\/Abbonamento-2_Horizontal-1-300x169.jpg 300w, https:\/\/jumper.it\/aiway\/wp-content\/uploads\/2023\/12\/Abbonamento-2_Horizontal-1-768x432.jpg 768w, https:\/\/jumper.it\/aiway\/wp-content\/uploads\/2023\/12\/Abbonamento-2_Horizontal-1-1536x864.jpg 1536w, https:\/\/jumper.it\/aiway\/wp-content\/uploads\/2023\/12\/Abbonamento-2_Horizontal-1.jpg 1920w\" sizes=\"(max-width: 1024px) 100vw, 1024px\" \/>\t\t\t\t\t\t\t\t\t\t\t\t\t\t\t<\/div>\n\t\t\t\t<\/div>\n\t\t\t\t\t<\/div>\n\t\t<\/div>\n\t\t\t\t\t<\/div>\n\t\t<\/section>\n\t\t\t\t<section class=\"elementor-section elementor-top-section elementor-element elementor-element-3285101 elementor-section-boxed elementor-section-height-default elementor-section-height-default qodef-elementor-content-no\" data-id=\"3285101\" data-element_type=\"section\" data-e-type=\"section\">\n\t\t\t\t\t\t<div class=\"elementor-container elementor-column-gap-default\">\n\t\t\t\t\t<div class=\"elementor-column elementor-col-100 elementor-top-column elementor-element elementor-element-cfd87fe\" data-id=\"cfd87fe\" data-element_type=\"column\" data-e-type=\"column\">\n\t\t\t<div class=\"elementor-widget-wrap elementor-element-populated\">\n\t\t\t\t\t\t\t<\/div>\n\t\t<\/div>\n\t\t\t\t\t<\/div>\n\t\t<\/section>\n\t\t\t\t<section class=\"elementor-section elementor-top-section elementor-element elementor-element-61975c1 elementor-section-boxed elementor-section-height-default elementor-section-height-default qodef-elementor-content-no\" data-id=\"61975c1\" data-element_type=\"section\" data-e-type=\"section\">\n\t\t\t\t\t\t<div class=\"elementor-container elementor-column-gap-default\">\n\t\t\t\t\t<div class=\"elementor-column elementor-col-100 elementor-top-column elementor-element elementor-element-b6e70f2\" data-id=\"b6e70f2\" data-element_type=\"column\" data-e-type=\"column\">\n\t\t\t<div class=\"elementor-widget-wrap\">\n\t\t\t\t\t\t\t<\/div>\n\t\t<\/div>\n\t\t\t\t\t<\/div>\n\t\t<\/section>\n\t\t\t\t<section class=\"elementor-section elementor-top-section elementor-element elementor-element-4888fa8 elementor-section-boxed elementor-section-height-default elementor-section-height-default qodef-elementor-content-no\" data-id=\"4888fa8\" data-element_type=\"section\" data-e-type=\"section\">\n\t\t\t\t\t\t<div class=\"elementor-container elementor-column-gap-default\">\n\t\t\t\t\t<div class=\"elementor-column elementor-col-100 elementor-top-column elementor-element elementor-element-0c7ef66\" data-id=\"0c7ef66\" data-element_type=\"column\" data-e-type=\"column\">\n\t\t\t<div class=\"elementor-widget-wrap elementor-element-populated\">\n\t\t\t\t\t\t<div class=\"elementor-element elementor-element-bffbf2b elementor-widget elementor-widget-text-editor\" data-id=\"bffbf2b\" data-element_type=\"widget\" data-e-type=\"widget\" data-widget_type=\"text-editor.default\">\n\t\t\t\t<div class=\"elementor-widget-container\">\n\t\t\t\t\t\t\t\t\t<h2>P\u00c1GINA DE ASSINATURA<\/h2>\n<p>A assinatura de Aiway oferece v\u00e1rias op\u00e7\u00f5es, porque n\u00e3o \u00e9 APENAS uma revista, mas um sistema de informa\u00e7\u00e3o em diversos n\u00edveis, para atender a todas as suas necessidades de crescimento profissional e de atualiza\u00e7\u00f5es sobre a IA generativa.<\/p>\n<h2>COMO FUNCIONA A ASSINATURA DE AIWAY<\/h2>\n<p>1) Assinando Aiway voc\u00ea receber\u00e1 toda semana em seu e-mail a Newsletter Aiway, um conte\u00fado editorial exclusivo com tudo o que est\u00e1 acontecendo no mundo da IA e da imagem generativa: not\u00edcias, artigos e an\u00e1lises aprofundadas com exemplos pr\u00e1ticos, que poupar\u00e3o a voc\u00ea horas infinitas de pesquisa e estudo.<\/p>\n<p><br><\/p><p>2) A assinatura d\u00e1 acesso tamb\u00e9m \u00e0s edi\u00e7\u00f5es da Revista AiWay (bimestrais, com 5 edi\u00e7\u00f5es digitais\/ano), dirigidas a um p\u00fablico de fot\u00f3grafos e profissionais da imagem que necessitam de informa\u00e7\u00e3o pr\u00e1tica, clara e em profundidade para dar suporte \u00e0 sua atividade e se manter em sintonia com as mudan\u00e7as sempre mais r\u00e1pidas e imprevis\u00edveis no mundo da imagem hoje.<\/p><p><br>Como nas publica\u00e7\u00f5es tradicionais, as edi\u00e7\u00f5es da Revista Aiway apresentam uma capa e uma p\u00e1gina semelhante a um \u00edndice, que d\u00e1 acesso \u00e0s mat\u00e9rias. A ideia \u00e9 assinalar um percurso, um marco temporal, que resume a evolu\u00e7\u00e3o da IA e suas quest\u00f5es naquele per\u00edodo, ao contr\u00e1rio do fluxo cont\u00ednuo e infinito dos sites de informa\u00e7\u00f5es normais, onde tudo se perde com o tempo. Aiway acredita que uma cristaliza\u00e7\u00e3o adequada dos eventos ajudar\u00e1 a preservar um rastro, um valor, como documento reflexivo e organizado da evolu\u00e7\u00e3o da IA.<\/p>\n<p><\/p>\t\t\t\t\t\t\t\t<\/div>\n\t\t\t\t<\/div>\n\t\t\t\t\t<\/div>\n\t\t<\/div>\n\t\t\t\t\t<\/div>\n\t\t<\/section>\n\t\t\t\t<section class=\"elementor-section elementor-top-section elementor-element elementor-element-5ea69621 elementor-section-full_width elementor-section-height-default elementor-section-height-default qodef-elementor-content-no\" data-id=\"5ea69621\" data-element_type=\"section\" data-e-type=\"section\">\n\t\t\t\t\t\t<div class=\"elementor-container elementor-column-gap-default\">\n\t\t\t\t\t<div class=\"elementor-column elementor-col-100 elementor-top-column elementor-element elementor-element-4ec8954\" data-id=\"4ec8954\" data-element_type=\"column\" data-e-type=\"column\">\n\t\t\t<div class=\"elementor-widget-wrap elementor-element-populated\">\n\t\t\t\t\t\t<div class=\"elementor-element elementor-element-416498f4 elementor-widget__width-initial e-transform elementor-widget elementor-widget-text-editor\" data-id=\"416498f4\" data-element_type=\"widget\" data-e-type=\"widget\" data-settings=\"{&quot;_transform_scale_effect&quot;:{&quot;unit&quot;:&quot;px&quot;,&quot;size&quot;:&quot;&quot;,&quot;sizes&quot;:[]},&quot;_transform_scale_effect_tablet&quot;:{&quot;unit&quot;:&quot;px&quot;,&quot;size&quot;:&quot;&quot;,&quot;sizes&quot;:[]},&quot;_transform_scale_effect_mobile&quot;:{&quot;unit&quot;:&quot;px&quot;,&quot;size&quot;:&quot;&quot;,&quot;sizes&quot;:[]}}\" data-widget_type=\"text-editor.default\">\n\t\t\t\t<div class=\"elementor-widget-container\">\n\t\t\t\t\t\t\t\t\t[pmpro_levels]\t\t\t\t\t\t\t\t<\/div>\n\t\t\t\t<\/div>\n\t\t\t\t\t<\/div>\n\t\t<\/div>\n\t\t\t\t\t<\/div>\n\t\t<\/section>\n\t\t\t\t<\/div>\n\t\t","protected":false},"excerpt":{"rendered":"<p>P\u00c1GINA DE ASSINATURA A assinatura de Aiway oferece v\u00e1rias op\u00e7\u00f5es, porque n\u00e3o \u00e9 APENAS uma revista, mas um sistema de informa\u00e7\u00e3o em diversos n\u00edveis, para atender a todas as suas necessidades de crescimento profissional e de atualiza\u00e7\u00f5es sobre a IA generativa. COMO FUNCIONA A ASSINATURA DE AIWAY 1) Assinando Aiway voc\u00ea receber\u00e1 toda semana em [&hellip;]<\/p>\n","protected":false},"author":1,"featured_media":0,"parent":10577,"menu_order":0,"comment_status":"closed","ping_status":"closed","template":"","meta":{"pmpro_default_level":"","footnotes":""},"class_list":["post-10579","page","type-page","status-publish","hentry","pmpro-has-access"],"_links":{"self":[{"href":"https:\/\/jumper.it\/aiway\/wp-json\/wp\/v2\/pages\/10579","targetHints":{"allow":["GET"]}}],"collection":[{"href":"https:\/\/jumper.it\/aiway\/wp-json\/wp\/v2\/pages"}],"about":[{"href":"https:\/\/jumper.it\/aiway\/wp-json\/wp\/v2\/types\/page"}],"author":[{"embeddable":true,"href":"https:\/\/jumper.it\/aiway\/wp-json\/wp\/v2\/users\/1"}],"replies":[{"embeddable":true,"href":"https:\/\/jumper.it\/aiway\/wp-json\/wp\/v2\/comments?post=10579"}],"version-history":[{"count":8,"href":"https:\/\/jumper.it\/aiway\/wp-json\/wp\/v2\/pages\/10579\/revisions"}],"predecessor-version":[{"id":10670,"href":"https:\/\/jumper.it\/aiway\/wp-json\/wp\/v2\/pages\/10579\/revisions\/10670"}],"up":[{"embeddable":true,"href":"https:\/\/jumper.it\/aiway\/wp-json\/wp\/v2\/pages\/10577"}],"wp:attachment":[{"href":"https:\/\/jumper.it\/aiway\/wp-json\/wp\/v2\/media?parent=10579"}],"curies":[{"name":"wp","href":"https:\/\/api.w.org\/{rel}","templated":true}]}}