{"id":10607,"date":"2024-02-01T10:26:16","date_gmt":"2024-02-01T10:26:16","guid":{"rendered":"https:\/\/jumper.it\/aiway\/?page_id=10607"},"modified":"2024-08-23T15:53:28","modified_gmt":"2024-08-23T15:53:28","slug":"numeros","status":"publish","type":"page","link":"https:\/\/jumper.it\/aiway\/br\/numeros\/","title":{"rendered":"N\u00fameros"},"content":{"rendered":"\t\t<div data-elementor-type=\"wp-page\" data-elementor-id=\"10607\" class=\"elementor elementor-10607\">\n\t\t\t\t\t\t<section class=\"elementor-section elementor-top-section elementor-element elementor-element-1cd06ba aiway_numeri_list elementor-section-boxed elementor-section-height-default elementor-section-height-default qodef-elementor-content-no\" data-id=\"1cd06ba\" data-element_type=\"section\" data-e-type=\"section\">\n\t\t\t\t\t\t<div class=\"elementor-container elementor-column-gap-default\">\n\t\t\t\t\t<div class=\"elementor-column elementor-col-100 elementor-top-column elementor-element elementor-element-070b369\" data-id=\"070b369\" data-element_type=\"column\" data-e-type=\"column\">\n\t\t\t<div class=\"elementor-widget-wrap elementor-element-populated\">\n\t\t\t\t\t\t<section class=\"elementor-section elementor-inner-section elementor-element elementor-element-d8a4398 elementor-section-boxed elementor-section-height-default elementor-section-height-default qodef-elementor-content-no\" data-id=\"d8a4398\" data-element_type=\"section\" data-e-type=\"section\">\n\t\t\t\t\t\t<div class=\"elementor-container elementor-column-gap-default\">\n\t\t\t\t\t<div class=\"elementor-column elementor-col-50 elementor-inner-column elementor-element elementor-element-7b41680\" data-id=\"7b41680\" data-element_type=\"column\" data-e-type=\"column\">\n\t\t\t<div class=\"elementor-widget-wrap elementor-element-populated\">\n\t\t\t\t\t\t<div class=\"elementor-element elementor-element-ac3ded4 elementor-widget elementor-widget-qi_addons_for_elementor_banner\" data-id=\"ac3ded4\" data-element_type=\"widget\" data-e-type=\"widget\" data-widget_type=\"qi_addons_for_elementor_banner.default\">\n\t\t\t\t<div class=\"elementor-widget-container\">\n\t\t\t\t\t<div class=\"qodef-shortcode qodef-m qodef-qi-banner qodef-layout--in-box qodef-vertical--bottom qodef-horizontal--left qodef-image--hover-zoom\">\n\t<div class=\"qodef-m-image\">\n\t<img fetchpriority=\"high\" decoding=\"async\" width=\"1080\" height=\"1080\" src=\"https:\/\/jumper.it\/aiway\/wp-content\/uploads\/2023\/12\/AW_2_Numero2_Box_Pagina_NUmeri.jpg\" class=\"attachment-full size-full\" alt=\"\" srcset=\"https:\/\/jumper.it\/aiway\/wp-content\/uploads\/2023\/12\/AW_2_Numero2_Box_Pagina_NUmeri.jpg 1080w, https:\/\/jumper.it\/aiway\/wp-content\/uploads\/2023\/12\/AW_2_Numero2_Box_Pagina_NUmeri-300x300.jpg 300w, https:\/\/jumper.it\/aiway\/wp-content\/uploads\/2023\/12\/AW_2_Numero2_Box_Pagina_NUmeri-1024x1024.jpg 1024w, https:\/\/jumper.it\/aiway\/wp-content\/uploads\/2023\/12\/AW_2_Numero2_Box_Pagina_NUmeri-150x150.jpg 150w, https:\/\/jumper.it\/aiway\/wp-content\/uploads\/2023\/12\/AW_2_Numero2_Box_Pagina_NUmeri-768x768.jpg 768w, https:\/\/jumper.it\/aiway\/wp-content\/uploads\/2023\/12\/AW_2_Numero2_Box_Pagina_NUmeri-650x650.jpg 650w\" sizes=\"(max-width: 1080px) 100vw, 1080px\" \/><\/div>\n\t<div class=\"qodef-m-content\">\n\t\t<div class=\"qodef-m-content-inner\">\n\t\t\t\t\t\t\t<h3 class=\"qodef-m-title\">\n\t\tN\u00famero 2\t<\/h3>\n\t\t\t\t<p class=\"qodef-m-text\">\n\t\tO n\u00famero dois da Aiway Magazine \u00e9 dedicado \u00e0 simbiose, \u00e0 for\u00e7a conjunta entre a mente humana e a intelig\u00eancia artificial para gerar novos potenciais de criatividade.\t<\/p>\n\t\t\t\t\t<\/div>\n\t<\/div>\n\t\t<a itemprop=\"url\" href=\"https:\/\/jumper.it\/aiway\/br\/numeros\/numero-2\/\" class=\"qodef-m-banner-link\" target=\"_self\"><\/a>\n<\/div>\n\t\t\t\t<\/div>\n\t\t\t\t<\/div>\n\t\t\t\t\t<\/div>\n\t\t<\/div>\n\t\t\t\t<div class=\"elementor-column elementor-col-50 elementor-inner-column elementor-element elementor-element-f6a90e5\" data-id=\"f6a90e5\" data-element_type=\"column\" data-e-type=\"column\">\n\t\t\t<div class=\"elementor-widget-wrap elementor-element-populated\">\n\t\t\t\t\t\t<div class=\"elementor-element elementor-element-6c1f7f4 elementor-widget elementor-widget-qi_addons_for_elementor_banner\" data-id=\"6c1f7f4\" data-element_type=\"widget\" data-e-type=\"widget\" data-widget_type=\"qi_addons_for_elementor_banner.default\">\n\t\t\t\t<div class=\"elementor-widget-container\">\n\t\t\t\t\t<div class=\"qodef-shortcode qodef-m qodef-qi-banner qodef-layout--in-box qodef-vertical--bottom qodef-horizontal--left qodef-image--hover-zoom\">\n\t<div class=\"qodef-m-image\">\n\t<img decoding=\"async\" width=\"1080\" height=\"1080\" src=\"https:\/\/jumper.it\/aiway\/wp-content\/uploads\/2024\/04\/aiway3.jpg\" class=\"attachment-full size-full\" alt=\"AIWAY magazine - the optimism issue\" srcset=\"https:\/\/jumper.it\/aiway\/wp-content\/uploads\/2024\/04\/aiway3.jpg 1080w, https:\/\/jumper.it\/aiway\/wp-content\/uploads\/2024\/04\/aiway3-300x300.jpg 300w, https:\/\/jumper.it\/aiway\/wp-content\/uploads\/2024\/04\/aiway3-1024x1024.jpg 1024w, https:\/\/jumper.it\/aiway\/wp-content\/uploads\/2024\/04\/aiway3-150x150.jpg 150w, https:\/\/jumper.it\/aiway\/wp-content\/uploads\/2024\/04\/aiway3-768x768.jpg 768w, https:\/\/jumper.it\/aiway\/wp-content\/uploads\/2024\/04\/aiway3-650x650.jpg 650w\" sizes=\"(max-width: 1080px) 100vw, 1080px\" \/><\/div>\n\t<div class=\"qodef-m-content\">\n\t\t<div class=\"qodef-m-content-inner\">\n\t\t\t\t\t\t\t<h3 class=\"qodef-m-title\">\n\t\tN\u00famero 3\t<\/h3>\n\t\t\t\t<p class=\"qodef-m-text\">\n\t\tO n\u00famero 3 da revista Aiway \u00e9 dedicado ao otimismo.\t<\/p>\n\t\t\t\t\t<\/div>\n\t<\/div>\n\t\t<a itemprop=\"url\" href=\"https:\/\/jumper.it\/aiway\/br\/numeros\/numero-3\/\" class=\"qodef-m-banner-link\" target=\"_self\"><\/a>\n<\/div>\n\t\t\t\t<\/div>\n\t\t\t\t<\/div>\n\t\t\t\t\t<\/div>\n\t\t<\/div>\n\t\t\t\t\t<\/div>\n\t\t<\/section>\n\t\t\t\t<section class=\"elementor-section elementor-inner-section elementor-element elementor-element-715a0a7 elementor-section-boxed elementor-section-height-default elementor-section-height-default qodef-elementor-content-no\" data-id=\"715a0a7\" data-element_type=\"section\" data-e-type=\"section\">\n\t\t\t\t\t\t<div class=\"elementor-container elementor-column-gap-default\">\n\t\t\t\t\t<div class=\"elementor-column elementor-col-50 elementor-inner-column elementor-element elementor-element-6fb0f88\" data-id=\"6fb0f88\" data-element_type=\"column\" data-e-type=\"column\">\n\t\t\t<div class=\"elementor-widget-wrap elementor-element-populated\">\n\t\t\t\t\t\t<div class=\"elementor-element elementor-element-f2522bd elementor-widget elementor-widget-qi_addons_for_elementor_banner\" data-id=\"f2522bd\" data-element_type=\"widget\" data-e-type=\"widget\" data-widget_type=\"qi_addons_for_elementor_banner.default\">\n\t\t\t\t<div class=\"elementor-widget-container\">\n\t\t\t\t\t<div class=\"qodef-shortcode qodef-m qodef-qi-banner qodef-layout--in-box qodef-vertical--bottom qodef-horizontal--left qodef-image--hover-zoom\">\n\t<div class=\"qodef-m-image\">\n\t<img decoding=\"async\" width=\"780\" height=\"780\" src=\"https:\/\/jumper.it\/aiway\/wp-content\/uploads\/2024\/08\/mentior.jpg\" class=\"attachment-full size-full\" alt=\"Aiway 4 - Mentior\" srcset=\"https:\/\/jumper.it\/aiway\/wp-content\/uploads\/2024\/08\/mentior.jpg 780w, https:\/\/jumper.it\/aiway\/wp-content\/uploads\/2024\/08\/mentior-300x300.jpg 300w, https:\/\/jumper.it\/aiway\/wp-content\/uploads\/2024\/08\/mentior-150x150.jpg 150w, https:\/\/jumper.it\/aiway\/wp-content\/uploads\/2024\/08\/mentior-768x768.jpg 768w, https:\/\/jumper.it\/aiway\/wp-content\/uploads\/2024\/08\/mentior-650x650.jpg 650w\" sizes=\"(max-width: 780px) 100vw, 780px\" \/><\/div>\n\t<div class=\"qodef-m-content\">\n\t\t<div class=\"qodef-m-content-inner\">\n\t\t\t\t\t\t\t<h3 class=\"qodef-m-title\">\n\t\tN\u00famero 4\t<\/h3>\n\t\t\t\t<p class=\"qodef-m-text\">\n\t\tA edi\u00e7\u00e3o 4 da Revista Aiway intitula-se &quot;mentor&quot; e \u00e9 dedicada \u00e0 verdade, mentira, fic\u00e7\u00e3o...\t<\/p>\n\t\t\t\t\t<\/div>\n\t<\/div>\n\t\t<a itemprop=\"url\" href=\"https:\/\/jumper.it\/aiway\/br\/numeros\/numero-4\/\" class=\"qodef-m-banner-link\" target=\"_self\"><\/a>\n<\/div>\n\t\t\t\t<\/div>\n\t\t\t\t<\/div>\n\t\t\t\t\t<\/div>\n\t\t<\/div>\n\t\t\t\t<div class=\"elementor-column elementor-col-50 elementor-inner-column elementor-element elementor-element-adf4dc6\" data-id=\"adf4dc6\" data-element_type=\"column\" data-e-type=\"column\">\n\t\t\t<div class=\"elementor-widget-wrap\">\n\t\t\t\t\t\t\t<\/div>\n\t\t<\/div>\n\t\t\t\t\t<\/div>\n\t\t<\/section>\n\t\t\t\t\t<\/div>\n\t\t<\/div>\n\t\t\t\t\t<\/div>\n\t\t<\/section>\n\t\t\t\t<\/div>\n\t\t","protected":false},"excerpt":{"rendered":"<p>N\u00famero 2 O n\u00famero dois da Aiway Magazine \u00e9 dedicado \u00e0 simbiose, \u00e0 for\u00e7a conjunta entre a mente humana e a intelig\u00eancia artificial para gerar novos potenciais de criatividade. N\u00famero 3 O n\u00famero 3 da revista Aiway \u00e9 dedicado ao otimismo. N\u00famero 4 A edi\u00e7\u00e3o 4 da Revista Aiway intitula-se &quot;mentor&quot; e \u00e9 dedicada \u00e0 [&hellip;]<\/p>\n","protected":false},"author":1,"featured_media":0,"parent":0,"menu_order":0,"comment_status":"closed","ping_status":"closed","template":"","meta":{"pmpro_default_level":"","footnotes":""},"class_list":["post-10607","page","type-page","status-publish","hentry","pmpro-has-access"],"_links":{"self":[{"href":"https:\/\/jumper.it\/aiway\/wp-json\/wp\/v2\/pages\/10607","targetHints":{"allow":["GET"]}}],"collection":[{"href":"https:\/\/jumper.it\/aiway\/wp-json\/wp\/v2\/pages"}],"about":[{"href":"https:\/\/jumper.it\/aiway\/wp-json\/wp\/v2\/types\/page"}],"author":[{"embeddable":true,"href":"https:\/\/jumper.it\/aiway\/wp-json\/wp\/v2\/users\/1"}],"replies":[{"embeddable":true,"href":"https:\/\/jumper.it\/aiway\/wp-json\/wp\/v2\/comments?post=10607"}],"version-history":[{"count":28,"href":"https:\/\/jumper.it\/aiway\/wp-json\/wp\/v2\/pages\/10607\/revisions"}],"predecessor-version":[{"id":12185,"href":"https:\/\/jumper.it\/aiway\/wp-json\/wp\/v2\/pages\/10607\/revisions\/12185"}],"wp:attachment":[{"href":"https:\/\/jumper.it\/aiway\/wp-json\/wp\/v2\/media?parent=10607"}],"curies":[{"name":"wp","href":"https:\/\/api.w.org\/{rel}","templated":true}]}}