{"id":10609,"date":"2024-02-01T10:27:06","date_gmt":"2024-02-01T10:27:06","guid":{"rendered":"https:\/\/jumper.it\/aiway\/?page_id=10609"},"modified":"2024-02-01T10:38:19","modified_gmt":"2024-02-01T10:38:19","slug":"numero-2","status":"publish","type":"page","link":"https:\/\/jumper.it\/aiway\/br\/numeros\/numero-2\/","title":{"rendered":"N\u00famero 2"},"content":{"rendered":"<p>O novo modelo de MidJourney, V6, ainda est\u00e1 em fase alfa, mas seus principais recursos j\u00e1 s\u00e3o evidentes. Apresentamos uma an\u00e1lise pr\u00e9via do que est\u00e1 dispon\u00edvel<\/p>\n<div class=\"pmpro\"><div class=\"pmpro_card pmpro_content_message\"><div class=\"pmpro_card_content\"><b>Questo \u00e8 un contenuto riservato agli abbonati<\/b> <br \/><a href=\"https:\/\/jumper.it\/aiway\/account-iscrizione\/abbonamento\/\">Registrati<\/a>.<\/div><div class=\"pmpro_card_actions pmpro_font-medium\">Already a member? <a href=\"https:\/\/jumper.it\/aiway\/login\/?redirect_to=https%3A%2F%2Fjumper.it%2Faiway%2Fbr%2Fmidjourney-v6-ja-temos-o-fotorrealismo%2F\">Accedi<\/a><\/div><\/div><\/div>","protected":false},"excerpt":{"rendered":"<p>O novo modelo de MidJourney, V6, ainda est\u00e1 em fase alfa, mas seus principais recursos j\u00e1 s\u00e3o evidentes. Apresentamos uma an\u00e1lise pr\u00e9via do que est\u00e1 dispon\u00edvel<\/p>\n<div class=\"pmpro\"><div class=\"pmpro_card pmpro_content_message\"><div class=\"pmpro_card_content\"><b>Questo \u00e8 un contenuto riservato agli abbonati<\/b> <br \/><a href=\"https:\/\/jumper.it\/aiway\/account-iscrizione\/abbonamento\/\">Registrati<\/a>.<\/div><div class=\"pmpro_card_actions pmpro_font-medium\">Already a member? <a href=\"https:\/\/jumper.it\/aiway\/login\/?redirect_to=https%3A%2F%2Fjumper.it%2Faiway%2Fbr%2Fmidjourney-v6-ja-temos-o-fotorrealismo%2F\">Accedi<\/a><\/div><\/div><\/div>","protected":false},"author":1,"featured_media":0,"parent":10607,"menu_order":0,"comment_status":"closed","ping_status":"closed","template":"page-full-width.php","meta":{"pmpro_default_level":"","footnotes":""},"class_list":["post-10609","page","type-page","status-publish","hentry","pmpro-has-access"],"_links":{"self":[{"href":"https:\/\/jumper.it\/aiway\/wp-json\/wp\/v2\/pages\/10609","targetHints":{"allow":["GET"]}}],"collection":[{"href":"https:\/\/jumper.it\/aiway\/wp-json\/wp\/v2\/pages"}],"about":[{"href":"https:\/\/jumper.it\/aiway\/wp-json\/wp\/v2\/types\/page"}],"author":[{"embeddable":true,"href":"https:\/\/jumper.it\/aiway\/wp-json\/wp\/v2\/users\/1"}],"replies":[{"embeddable":true,"href":"https:\/\/jumper.it\/aiway\/wp-json\/wp\/v2\/comments?post=10609"}],"version-history":[{"count":5,"href":"https:\/\/jumper.it\/aiway\/wp-json\/wp\/v2\/pages\/10609\/revisions"}],"predecessor-version":[{"id":10632,"href":"https:\/\/jumper.it\/aiway\/wp-json\/wp\/v2\/pages\/10609\/revisions\/10632"}],"up":[{"embeddable":true,"href":"https:\/\/jumper.it\/aiway\/wp-json\/wp\/v2\/pages\/10607"}],"wp:attachment":[{"href":"https:\/\/jumper.it\/aiway\/wp-json\/wp\/v2\/media?parent=10609"}],"curies":[{"name":"wp","href":"https:\/\/api.w.org\/{rel}","templated":true}]}}