{"id":10639,"date":"2024-02-01T17:24:22","date_gmt":"2024-02-01T17:24:22","guid":{"rendered":"https:\/\/jumper.it\/aiway\/?page_id=10639"},"modified":"2024-02-01T20:46:13","modified_gmt":"2024-02-01T20:46:13","slug":"about-us-pt","status":"publish","type":"page","link":"https:\/\/jumper.it\/aiway\/br\/about-us-pt\/","title":{"rendered":"About us"},"content":{"rendered":"\t\t<div data-elementor-type=\"wp-page\" data-elementor-id=\"10639\" class=\"elementor elementor-10639\">\n\t\t\t\t\t\t<section class=\"elementor-section elementor-top-section elementor-element elementor-element-b997c82 elementor-section-full_width elementor-section-stretched elementor-reverse-tablet elementor-reverse-mobile elementor-section-height-default elementor-section-height-default qodef-elementor-content-no\" data-id=\"b997c82\" data-element_type=\"section\" data-e-type=\"section\" data-settings=\"{&quot;stretch_section&quot;:&quot;section-stretched&quot;}\">\n\t\t\t\t\t\t<div class=\"elementor-container elementor-column-gap-default\">\n\t\t\t\t\t<div class=\"elementor-column elementor-col-50 elementor-top-column elementor-element elementor-element-9cee30d qodef-sticky-column--no\" data-id=\"9cee30d\" data-element_type=\"column\" data-e-type=\"column\">\n\t\t\t<div class=\"elementor-widget-wrap elementor-element-populated\">\n\t\t\t\t\t\t<div class=\"elementor-element elementor-element-5767556 elementor-widget__width-initial elementor-widget elementor-widget-text-editor\" data-id=\"5767556\" data-element_type=\"widget\" data-e-type=\"widget\" data-widget_type=\"text-editor.default\">\n\t\t\t\t<div class=\"elementor-widget-container\">\n\t\t\t\t\t\t\t\t\t<div class=\"qodef-custom-info-box-holder\"><div class=\"qodef-top-holder\"><h1>SOBRE N\u00d3S<\/h1><p><span style=\"color: #333333;\"><br \/>AIWAY \/imagine human creativity \u00e9 um projeto editorial dedicado \u00e0 criatividade, \u00e0 evolu\u00e7\u00e3o, \u00e0 cultura e ao mercado de imagens geradas por intelig\u00eancia artificial.<br \/>A revista \u00e9 produzida na Italia pela &#8220;Jumper &#8220;, uma equipe de exploradores e experimentadores da criatividade, editores por miss\u00e3o, educadores universit\u00e1rios por profiss\u00e3o, jornalistas e escritores por voca\u00e7\u00e3o, inovadores por DNA. Com a intelig\u00eancia artificial, encontramos uma maneira de conectar todos esses pontos, cruzar fronteiras e ir al\u00e9m dos cen\u00e1rios conhecidos para uma nova era da comunica\u00e7\u00e3o e da informa\u00e7\u00e3o.<br \/><br \/>A edi\u00e7\u00e3o brasileira de Aiway nasceu do encontro com Roberto Cecato, fot\u00f3grafo, videomaker e artista, mas acima de tudo um amigo, com quem compartilhamos o projeto de lan\u00e7\u00e1-lo no Brasil, pa\u00eds que, para parte de nossa equipe editorial (italiana), foi nossa casa h\u00e1 muitos anos e est\u00e1 em nossos cora\u00e7\u00f5es. A tradu\u00e7\u00e3o e a promo\u00e7\u00e3o da Aiway Magazine Brasil s\u00e3o feitas diretamente por Roberto.<\/span><\/p><\/div><\/div>\t\t\t\t\t\t\t\t<\/div>\n\t\t\t\t<\/div>\n\t\t\t\t<div class=\"elementor-element elementor-element-0442771 elementor-widget elementor-widget-text-editor\" data-id=\"0442771\" data-element_type=\"widget\" data-e-type=\"widget\" data-widget_type=\"text-editor.default\">\n\t\t\t\t<div class=\"elementor-widget-container\">\n\t\t\t\t\t\t\t\t\t<p><span style=\"color: #141414; font-size: 29px; font-weight: 600; letter-spacing: -0.015em;\">Contact<\/span><\/p><p>email: <a href=\"mailto:aiway@jumper.it\">aiway@jumper.it<\/a><\/p>\t\t\t\t\t\t\t\t<\/div>\n\t\t\t\t<\/div>\n\t\t\t\t\t<\/div>\n\t\t<\/div>\n\t\t\t\t<div class=\"elementor-column elementor-col-50 elementor-top-column elementor-element elementor-element-c3d303d qodef-sticky-column--yes\" data-id=\"c3d303d\" data-element_type=\"column\" data-e-type=\"column\">\n\t\t\t<div class=\"elementor-widget-wrap elementor-element-populated\">\n\t\t\t\t\t\t<div class=\"elementor-element elementor-element-8650a1d elementor-widget elementor-widget-gavino_core_single_image\" data-id=\"8650a1d\" data-element_type=\"widget\" data-e-type=\"widget\" data-widget_type=\"gavino_core_single_image.default\">\n\t\t\t\t<div class=\"elementor-widget-container\">\n\t\t\t\t\t<div class=\"qodef-shortcode qodef-m  qodef-single-image qodef-layout--default qodef-alignment--left  \">\n\t\t\t<div class=\"qodef-m-image\">\n\t\t\t\t\t\t\t\t<img fetchpriority=\"high\" decoding=\"async\" width=\"792\" height=\"1052\" src=\"https:\/\/jumper.it\/aiway\/wp-content\/uploads\/2023\/08\/highway.jpg\" class=\"attachment-full size-full\" alt=\"Aiway Magazine_About\" srcset=\"https:\/\/jumper.it\/aiway\/wp-content\/uploads\/2023\/08\/highway.jpg 792w, https:\/\/jumper.it\/aiway\/wp-content\/uploads\/2023\/08\/highway-226x300.jpg 226w, https:\/\/jumper.it\/aiway\/wp-content\/uploads\/2023\/08\/highway-771x1024.jpg 771w, https:\/\/jumper.it\/aiway\/wp-content\/uploads\/2023\/08\/highway-768x1020.jpg 768w\" sizes=\"(max-width: 792px) 100vw, 792px\" \/>\t\t\t\t\t\t\t<\/div>\n\t<\/div>\n\t\t\t\t<\/div>\n\t\t\t\t<\/div>\n\t\t\t\t\t<\/div>\n\t\t<\/div>\n\t\t\t\t\t<\/div>\n\t\t<\/section>\n\t\t\t\t<\/div>\n\t\t","protected":false},"excerpt":{"rendered":"<p>SOBRE N\u00d3S AIWAY \/imagine human creativity \u00e9 um projeto editorial dedicado \u00e0 criatividade, \u00e0 evolu\u00e7\u00e3o, \u00e0 cultura e ao mercado de imagens geradas por intelig\u00eancia artificial.A revista \u00e9 produzida na Italia pela &#8220;Jumper &#8220;, uma equipe de exploradores e experimentadores da criatividade, editores por miss\u00e3o, educadores universit\u00e1rios por profiss\u00e3o, jornalistas e escritores por voca\u00e7\u00e3o, inovadores [&hellip;]<\/p>\n","protected":false},"author":1,"featured_media":0,"parent":0,"menu_order":0,"comment_status":"closed","ping_status":"closed","template":"","meta":{"pmpro_default_level":"","footnotes":""},"class_list":["post-10639","page","type-page","status-publish","hentry","pmpro-has-access"],"_links":{"self":[{"href":"https:\/\/jumper.it\/aiway\/wp-json\/wp\/v2\/pages\/10639","targetHints":{"allow":["GET"]}}],"collection":[{"href":"https:\/\/jumper.it\/aiway\/wp-json\/wp\/v2\/pages"}],"about":[{"href":"https:\/\/jumper.it\/aiway\/wp-json\/wp\/v2\/types\/page"}],"author":[{"embeddable":true,"href":"https:\/\/jumper.it\/aiway\/wp-json\/wp\/v2\/users\/1"}],"replies":[{"embeddable":true,"href":"https:\/\/jumper.it\/aiway\/wp-json\/wp\/v2\/comments?post=10639"}],"version-history":[{"count":7,"href":"https:\/\/jumper.it\/aiway\/wp-json\/wp\/v2\/pages\/10639\/revisions"}],"predecessor-version":[{"id":10664,"href":"https:\/\/jumper.it\/aiway\/wp-json\/wp\/v2\/pages\/10639\/revisions\/10664"}],"wp:attachment":[{"href":"https:\/\/jumper.it\/aiway\/wp-json\/wp\/v2\/media?parent=10639"}],"curies":[{"name":"wp","href":"https:\/\/api.w.org\/{rel}","templated":true}]}}