{"id":11256,"date":"2024-05-01T11:13:02","date_gmt":"2024-05-01T11:13:02","guid":{"rendered":"https:\/\/jumper.it\/aiway\/?page_id=11256"},"modified":"2024-05-01T11:13:03","modified_gmt":"2024-05-01T11:13:03","slug":"numero-3","status":"publish","type":"page","link":"https:\/\/jumper.it\/aiway\/br\/numeros\/numero-3\/","title":{"rendered":"N\u00famero 3"},"content":{"rendered":"<p>Cada vez mais a t\u00e9cnica de \"escrever\" prompts est\u00e1 migrando para o visual, abrindo assim novas<br \/>\noportunidades para aqueles que pensam em imagens e tamb\u00e9m para a cria\u00e7\u00e3o de novos<br \/>\ncaminhos criativos que talvez tamb\u00e9m recuperem est\u00edmulos do passado.<\/p>\n<div class=\"pmpro\"><div class=\"pmpro_card pmpro_content_message\"><div class=\"pmpro_card_content\"><b>Questo \u00e8 un contenuto riservato agli abbonati<\/b> <br \/><a href=\"https:\/\/jumper.it\/aiway\/account-iscrizione\/abbonamento\/\">Registrati<\/a>.<\/div><div class=\"pmpro_card_actions pmpro_font-medium\">Already a member? <a href=\"https:\/\/jumper.it\/aiway\/login\/?redirect_to=https%3A%2F%2Fjumper.it%2Faiway%2Fbr%2Fsaudades-do-papel-das-balas-rossana%2F\">Accedi<\/a><\/div><\/div><\/div>","protected":false},"excerpt":{"rendered":"<p>Cada vez mais a t\u00e9cnica de \"escrever\" prompts est\u00e1 migrando para o visual, abrindo assim novas<br \/>\noportunidades para aqueles que pensam em imagens e tamb\u00e9m para a cria\u00e7\u00e3o de novos<br \/>\ncaminhos criativos que talvez tamb\u00e9m recuperem est\u00edmulos do passado.<\/p>\n<div class=\"pmpro\"><div class=\"pmpro_card pmpro_content_message\"><div class=\"pmpro_card_content\"><b>Questo \u00e8 un contenuto riservato agli abbonati<\/b> <br \/><a href=\"https:\/\/jumper.it\/aiway\/account-iscrizione\/abbonamento\/\">Registrati<\/a>.<\/div><div class=\"pmpro_card_actions pmpro_font-medium\">Already a member? <a href=\"https:\/\/jumper.it\/aiway\/login\/?redirect_to=https%3A%2F%2Fjumper.it%2Faiway%2Fbr%2Fsaudades-do-papel-das-balas-rossana%2F\">Accedi<\/a><\/div><\/div><\/div>","protected":false},"author":2,"featured_media":0,"parent":10607,"menu_order":0,"comment_status":"closed","ping_status":"closed","template":"page-full-width.php","meta":{"pmpro_default_level":"","footnotes":""},"class_list":["post-11256","page","type-page","status-publish","hentry","pmpro-has-access"],"_links":{"self":[{"href":"https:\/\/jumper.it\/aiway\/wp-json\/wp\/v2\/pages\/11256","targetHints":{"allow":["GET"]}}],"collection":[{"href":"https:\/\/jumper.it\/aiway\/wp-json\/wp\/v2\/pages"}],"about":[{"href":"https:\/\/jumper.it\/aiway\/wp-json\/wp\/v2\/types\/page"}],"author":[{"embeddable":true,"href":"https:\/\/jumper.it\/aiway\/wp-json\/wp\/v2\/users\/2"}],"replies":[{"embeddable":true,"href":"https:\/\/jumper.it\/aiway\/wp-json\/wp\/v2\/comments?post=11256"}],"version-history":[{"count":7,"href":"https:\/\/jumper.it\/aiway\/wp-json\/wp\/v2\/pages\/11256\/revisions"}],"predecessor-version":[{"id":11263,"href":"https:\/\/jumper.it\/aiway\/wp-json\/wp\/v2\/pages\/11256\/revisions\/11263"}],"up":[{"embeddable":true,"href":"https:\/\/jumper.it\/aiway\/wp-json\/wp\/v2\/pages\/10607"}],"wp:attachment":[{"href":"https:\/\/jumper.it\/aiway\/wp-json\/wp\/v2\/media?parent=11256"}],"curies":[{"name":"wp","href":"https:\/\/api.w.org\/{rel}","templated":true}]}}