{"id":13086,"date":"2025-03-22T22:11:47","date_gmt":"2025-03-22T22:11:47","guid":{"rendered":"https:\/\/jumper.it\/aiway\/?page_id=13086"},"modified":"2026-02-03T23:06:41","modified_gmt":"2026-02-03T23:06:41","slug":"aiway-image-analyzer","status":"publish","type":"page","link":"https:\/\/jumper.it\/aiway\/aiway-image-analyzer\/","title":{"rendered":"Aiway Image Analyzer"},"content":{"rendered":"\t\t<div data-elementor-type=\"wp-page\" data-elementor-id=\"13086\" class=\"elementor elementor-13086\">\n\t\t\t\t\t\t<section class=\"elementor-section elementor-top-section elementor-element elementor-element-0632e7f elementor-section-boxed elementor-section-height-default elementor-section-height-default qodef-elementor-content-no\" data-id=\"0632e7f\" data-element_type=\"section\" data-e-type=\"section\">\n\t\t\t\t\t\t<div class=\"elementor-container elementor-column-gap-default\">\n\t\t\t\t\t<div class=\"elementor-column elementor-col-100 elementor-top-column elementor-element elementor-element-99219df\" data-id=\"99219df\" data-element_type=\"column\" data-e-type=\"column\">\n\t\t\t<div class=\"elementor-widget-wrap elementor-element-populated\">\n\t\t\t\t\t\t<div class=\"elementor-element elementor-element-037cbc2 elementor-widget elementor-widget-video\" data-id=\"037cbc2\" data-element_type=\"widget\" data-e-type=\"widget\" data-settings=\"{&quot;youtube_url&quot;:&quot;https:\\\/\\\/www.youtube.com\\\/watch?v=06mVvXDblaY&quot;,&quot;autoplay&quot;:&quot;yes&quot;,&quot;video_type&quot;:&quot;youtube&quot;,&quot;controls&quot;:&quot;yes&quot;}\" data-widget_type=\"video.default\">\n\t\t\t\t<div class=\"elementor-widget-container\">\n\t\t\t\t\t\t\t<div class=\"elementor-wrapper elementor-open-inline\">\n\t\t\t<div class=\"elementor-video\"><\/div>\t\t<\/div>\n\t\t\t\t\t\t<\/div>\n\t\t\t\t<\/div>\n\t\t\t\t\t<\/div>\n\t\t<\/div>\n\t\t\t\t\t<\/div>\n\t\t<\/section>\n\t\t\t\t<section class=\"elementor-section elementor-top-section elementor-element elementor-element-1cb3649 elementor-section-boxed elementor-section-height-default elementor-section-height-default qodef-elementor-content-no\" data-id=\"1cb3649\" data-element_type=\"section\" data-e-type=\"section\">\n\t\t\t\t\t\t<div class=\"elementor-container elementor-column-gap-default\">\n\t\t\t\t\t<div class=\"elementor-column elementor-col-100 elementor-top-column elementor-element elementor-element-17dc7f8\" data-id=\"17dc7f8\" data-element_type=\"column\" data-e-type=\"column\">\n\t\t\t<div class=\"elementor-widget-wrap elementor-element-populated\">\n\t\t\t\t\t\t<div class=\"elementor-element elementor-element-a53953b elementor-widget elementor-widget-image\" data-id=\"a53953b\" data-element_type=\"widget\" data-e-type=\"widget\" data-widget_type=\"image.default\">\n\t\t\t\t<div class=\"elementor-widget-container\">\n\t\t\t\t\t\t\t\t\t\t\t\t\t\t\t<img fetchpriority=\"high\" decoding=\"async\" width=\"1024\" height=\"563\" src=\"https:\/\/jumper.it\/aiway\/wp-content\/uploads\/2026\/02\/Screenshot-2026-02-03-alle-17.40.35-1024x563.png\" class=\"attachment-large size-large wp-image-14180\" alt=\"\" srcset=\"https:\/\/jumper.it\/aiway\/wp-content\/uploads\/2026\/02\/Screenshot-2026-02-03-alle-17.40.35-1024x563.png 1024w, https:\/\/jumper.it\/aiway\/wp-content\/uploads\/2026\/02\/Screenshot-2026-02-03-alle-17.40.35-300x165.png 300w, https:\/\/jumper.it\/aiway\/wp-content\/uploads\/2026\/02\/Screenshot-2026-02-03-alle-17.40.35-768x422.png 768w, https:\/\/jumper.it\/aiway\/wp-content\/uploads\/2026\/02\/Screenshot-2026-02-03-alle-17.40.35.png 1103w\" sizes=\"(max-width: 1024px) 100vw, 1024px\" \/>\t\t\t\t\t\t\t\t\t\t\t\t\t\t\t<\/div>\n\t\t\t\t<\/div>\n\t\t\t\t\t<\/div>\n\t\t<\/div>\n\t\t\t\t\t<\/div>\n\t\t<\/section>\n\t\t\t\t<section class=\"elementor-section elementor-top-section elementor-element elementor-element-e15fd0a elementor-section-boxed elementor-section-height-default elementor-section-height-default qodef-elementor-content-no\" data-id=\"e15fd0a\" data-element_type=\"section\" data-e-type=\"section\">\n\t\t\t\t\t\t<div class=\"elementor-container elementor-column-gap-default\">\n\t\t\t\t\t<div class=\"elementor-column elementor-col-16 elementor-top-column elementor-element elementor-element-df0ff86\" data-id=\"df0ff86\" data-element_type=\"column\" data-e-type=\"column\">\n\t\t\t<div class=\"elementor-widget-wrap\">\n\t\t\t\t\t\t\t<\/div>\n\t\t<\/div>\n\t\t\t\t<div class=\"elementor-column elementor-col-66 elementor-top-column elementor-element elementor-element-5ab2444\" data-id=\"5ab2444\" data-element_type=\"column\" data-e-type=\"column\">\n\t\t\t<div class=\"elementor-widget-wrap elementor-element-populated\">\n\t\t\t\t\t\t<div class=\"elementor-element elementor-element-b8a98f6 elementor-widget elementor-widget-text-editor\" data-id=\"b8a98f6\" data-element_type=\"widget\" data-e-type=\"widget\" data-widget_type=\"text-editor.default\">\n\t\t\t\t<div class=\"elementor-widget-container\">\n\t\t\t\t\t\t\t\t\t<p class=\"text-gray-700 leading-relaxed mb-4 font-normal text-lg\">Abbiamo realizzato, in via sperimentale un&#8217;applicazione, con l&#8217;aiuto dell&#8217;AI, attraverso quello che si chiama &#8220;<strong class=\"font-semibold\">vibe coding<\/strong>&#8220;, ovvero la strada che porta a scrivere codice (per un sito, per un&#8217;app), descrivendo quello che vogliamo ottenere&#8230; e l&#8217;AI lo realizza. Questa web app\u00a0<strong class=\"font-semibold\">analizza le immagini non tanto per quello che mostrano, ma per quello che significano<\/strong>. Non si limita a descrivere una scena: ne esplora la semiotica, il linguaggio nascosto tra i pixel.<\/p><section class=\"py-12 px-4 bg-gray-50\"><div class=\"max-w-4xl mx-auto\"><h4 class=\"text-3xl mb-8 text-gray-800 text-center font-medium\">Come funziona?<\/h4><div class=\"space-y-6\"><div class=\"bg-white p-6 rounded-lg shadow-sm border border-gray-200\"><div class=\"flex items-start gap-4\"><div class=\"flex-shrink-0 w-8 h-8 bg-gray-700 text-white rounded-full flex items-center justify-center font-medium\">1 <strong style=\"letter-spacing: -0.015em;\">Carica un&#8217;immagine: <\/strong><span style=\"letter-spacing: -0.015em;\">Puoi caricare file JPG o PNG fino a 2 MB<\/span><\/div><div>\u00a0<\/div><\/div><\/div><div class=\"bg-white p-6 rounded-lg shadow-sm border border-gray-200\"><div class=\"flex items-start gap-4\"><div class=\"flex-shrink-0 w-8 h-8 bg-gray-700 text-white rounded-full flex items-center justify-center font-medium\">2 <strong style=\"letter-spacing: -0.015em;\">Analisi approfondita:\u00a0 <\/strong><span style=\"letter-spacing: -0.015em;\">In pochi secondi ottieni un&#8217;analisi semiotica dettagliata con punti interattivi sull&#8217;immagine per esplorare i significati nascosti<\/span><\/div><div>\u00a0<\/div><\/div><\/div><div class=\"bg-white p-6 rounded-lg shadow-sm border border-gray-200\"><div class=\"flex items-start gap-4\"><div class=\"flex-shrink-0 w-8 h-8 bg-gray-700 text-white rounded-full flex items-center justify-center font-medium\">3 <strong style=\"letter-spacing: -0.015em;\">Visualizzazione interattiva <\/strong><span style=\"letter-spacing: -0.015em;\">Nascondi o visualizza gli elementi di analisi cliccando l&#8217;icona dell&#8217;occhio\u00a0<\/span><\/div><div>\u00a0<\/div><\/div><\/div><div class=\"bg-white p-6 rounded-lg shadow-sm border border-gray-200\"><div class=\"flex items-start gap-4\"><div class=\"flex-shrink-0 w-8 h-8 bg-gray-700 text-white rounded-full flex items-center justify-center font-medium\">4 <strong style=\"letter-spacing: -0.015em;\">Esporta i risultati: <\/strong><span style=\"letter-spacing: -0.015em;\">Scarica l&#8217;analisi completa in formato PDF o solo il testo in formato TXT\u00a0<\/span><\/div><\/div><\/div><\/div><\/div><\/section><section class=\"py-12 px-4\"><div class=\"max-w-4xl mx-auto\"><div class=\"bg-gray-100 p-8 rounded-lg border border-gray-300\">\u00a0<\/div><\/div><\/section><p class=\"text-gray-700 leading-relaxed mb-4 font-normal text-lg\">L&#8217;abbiamo chiamata\u00a0<strong class=\"font-semibold\">Aiway Image Analyzer<\/strong>, ed \u00e8 nata da una constatazione semplice quanto importante: le persone leggono sempre meno, guardano sempre pi\u00f9 velocemente, e comprendono sempre pi\u00f9 superficialmente.<\/p><p>\u00a0<\/p><p class=\"text-gray-700 leading-relaxed mb-4 font-normal text-lg\">Pensiamo che la nostra professione di creatori di immagini deve evolversi, deve interrogarsi, deve fare i conti con una realt\u00e0 complessa. Perch\u00e9 la stranezza del nostro tempo \u00e8 evidente: viviamo nell&#8217;era dell&#8217;immagine, sommersi da milioni di fotografie ogni giorno, eppure la maggior parte di queste immagini non dice nulla. Scorrono, passano, vengono dimenticate in una frazione di secondo. Sono solo rumore visivo, non comunicazione. <strong>E questa \u00e8 una sfida esistenziale<\/strong> per chi fa della fotografia un mestiere, una professione, un linguaggio.<\/p><p>\u00a0<\/p><p><em><strong>Aiway Image Analyzer<\/strong> \u00e8 progettata per funzionare via browser, si adatta all&#8217;aspetto che avete impostato (chiaro, scuro\/dark o automatico), le immagini che caricate NON vengono salvate, NON vengono usate per training ma solo usate nel momento in cui le analizzate, quando chiudete la finestra di analisi vengono cancellate,<\/em><\/p><p>\u00a0<\/p><h4 class=\"text-2xl mb-6 text-gray-800 font-medium\">PARTECIPA ALLA SPERIMENTAZIONE<\/h4><p class=\"text-gray-700 leading-relaxed mb-4 font-light text-lg\">Questa \u00e8 una sperimentazione, che aiuta a capire come l&#8217;AI (usata per questa analisi delle immagini) possa essere di supporto alla creativit\u00e0 e alla crescita di qualsiasi progetto legato all&#8217;immagine.<\/p><p class=\"text-gray-700 leading-relaxed mb-4 font-light text-lg\">Per usare questo tool vi chiediamo un contributo che paga il &#8220;<em>consumo<\/em>&#8221; di dati, via API, dell&#8217;intelligenza artificiale. Trattandosi di un esperimento in fase &#8220;beta&#8221;, segnaliamo che questa sperimentazione arriver\u00e0 ad una conclusione e il progetto potrebbe essere chiuso in qualsiasi momento, oppure potr\u00e0 trasformarsi in un prodotto pi\u00f9 complesso.<\/p><p class=\"text-gray-700 leading-relaxed mb-6 font-light text-lg\">In ogni caso, i partecipanti a questa sperimentazione verranno avvisati e nel caso di sviluppo verranno invitati a partecipare (in forma totalmente facoltativa, ovviamente) alla successiva fase, ottenendo vantaggi in termini di accesso primario e\/o di sconto.<\/p><h4 class=\"text-gray-700 mb-4 font-normal\"><strong>Contributo per l&#8217;accesso:: \u20ac1,99<\/strong><\/h4><h5>Clicca qui sotto il bottone di PayPal per ottenere l&#8217;accesso al tool!<\/h5>\t\t\t\t\t\t\t\t<\/div>\n\t\t\t\t<\/div>\n\t\t\t\t\t<\/div>\n\t\t<\/div>\n\t\t\t\t<div class=\"elementor-column elementor-col-16 elementor-top-column elementor-element elementor-element-eb0a0ac\" data-id=\"eb0a0ac\" data-element_type=\"column\" data-e-type=\"column\">\n\t\t\t<div class=\"elementor-widget-wrap\">\n\t\t\t\t\t\t\t<\/div>\n\t\t<\/div>\n\t\t\t\t\t<\/div>\n\t\t<\/section>\n\t\t\t\t<section class=\"elementor-section elementor-top-section elementor-element elementor-element-a5f6869 elementor-section-boxed elementor-section-height-default elementor-section-height-default qodef-elementor-content-no\" data-id=\"a5f6869\" data-element_type=\"section\" data-e-type=\"section\">\n\t\t\t\t\t\t<div class=\"elementor-container elementor-column-gap-default\">\n\t\t\t\t\t<div class=\"elementor-column elementor-col-16 elementor-top-column elementor-element elementor-element-4e79a6b\" data-id=\"4e79a6b\" data-element_type=\"column\" data-e-type=\"column\">\n\t\t\t<div class=\"elementor-widget-wrap\">\n\t\t\t\t\t\t\t<\/div>\n\t\t<\/div>\n\t\t\t\t<div class=\"elementor-column elementor-col-66 elementor-top-column elementor-element elementor-element-888b758\" data-id=\"888b758\" data-element_type=\"column\" data-e-type=\"column\">\n\t\t\t<div class=\"elementor-widget-wrap elementor-element-populated\">\n\t\t\t\t\t\t<div class=\"elementor-element elementor-element-acc1ad9 elementor-widget elementor-widget-html\" data-id=\"acc1ad9\" data-element_type=\"widget\" data-e-type=\"widget\" data-widget_type=\"html.default\">\n\t\t\t\t<div class=\"elementor-widget-container\">\n\t\t\t\t\t<div>\n  <style>.pp-FGZV4AAS4CWTG{text-align:center;border:none;border-radius:0.25rem;min-width:11.625rem;padding:0 2rem;height:2.625rem;font-weight:bold;background-color:#FFD140;color:#000000;font-family:\"Helvetica Neue\",Arial,sans-serif;font-size:1rem;line-height:1.25rem;cursor:pointer;}<\/style>\n  <form action=\"https:\/\/www.paypal.com\/ncp\/payment\/FGZV4AAS4CWTG\" method=\"post\" target=\"_blank\" style=\"display:inline-grid;justify-items:center;align-content:start;gap:0.5rem;\">\n    <input class=\"pp-FGZV4AAS4CWTG\" type=\"submit\" value=\"Acquista ora\" \/>\n    <img src=https:\/\/www.paypalobjects.com\/images\/Debit_Credit_APM.svg alt=\"cards\" \/>\n    <section style=\"font-size: 0.75rem;\"> Con tecnologia <img decoding=\"async\" src=\"https:\/\/www.paypalobjects.com\/paypal-ui\/logos\/svg\/paypal-wordmark-color.svg\" alt=\"paypal\" style=\"height:0.875rem;vertical-align:middle;\"\/><\/section>\n  <\/form>\n<\/div>\t\t\t\t<\/div>\n\t\t\t\t<\/div>\n\t\t\t\t\t<\/div>\n\t\t<\/div>\n\t\t\t\t<div class=\"elementor-column elementor-col-16 elementor-top-column elementor-element elementor-element-979d446\" data-id=\"979d446\" data-element_type=\"column\" data-e-type=\"column\">\n\t\t\t<div class=\"elementor-widget-wrap\">\n\t\t\t\t\t\t\t<\/div>\n\t\t<\/div>\n\t\t\t\t\t<\/div>\n\t\t<\/section>\n\t\t\t\t<section class=\"elementor-section elementor-top-section elementor-element elementor-element-e8a7a59 elementor-section-boxed elementor-section-height-default elementor-section-height-default qodef-elementor-content-no\" data-id=\"e8a7a59\" data-element_type=\"section\" data-e-type=\"section\">\n\t\t\t\t\t\t<div class=\"elementor-container elementor-column-gap-default\">\n\t\t\t\t\t<div class=\"elementor-column elementor-col-100 elementor-top-column elementor-element elementor-element-d1ae828\" data-id=\"d1ae828\" data-element_type=\"column\" data-e-type=\"column\">\n\t\t\t<div class=\"elementor-widget-wrap elementor-element-populated\">\n\t\t\t\t\t\t<div class=\"elementor-element elementor-element-aac762d elementor-widget-divider--view-line elementor-widget elementor-widget-divider\" data-id=\"aac762d\" data-element_type=\"widget\" data-e-type=\"widget\" data-widget_type=\"divider.default\">\n\t\t\t\t<div class=\"elementor-widget-container\">\n\t\t\t\t\t\t\t<div class=\"elementor-divider\">\n\t\t\t<span class=\"elementor-divider-separator\">\n\t\t\t\t\t\t<\/span>\n\t\t<\/div>\n\t\t\t\t\t\t<\/div>\n\t\t\t\t<\/div>\n\t\t\t\t\t<\/div>\n\t\t<\/div>\n\t\t\t\t\t<\/div>\n\t\t<\/section>\n\t\t\t\t<section class=\"elementor-section elementor-top-section elementor-element elementor-element-a6124e4 elementor-section-boxed elementor-section-height-default elementor-section-height-default qodef-elementor-content-no\" data-id=\"a6124e4\" data-element_type=\"section\" data-e-type=\"section\">\n\t\t\t\t\t\t<div class=\"elementor-container elementor-column-gap-default\">\n\t\t\t\t\t<div class=\"elementor-column elementor-col-100 elementor-top-column elementor-element elementor-element-dac9504\" data-id=\"dac9504\" data-element_type=\"column\" data-e-type=\"column\">\n\t\t\t<div class=\"elementor-widget-wrap elementor-element-populated\">\n\t\t\t\t\t\t<div class=\"elementor-element elementor-element-9525fab elementor-widget elementor-widget-text-editor\" data-id=\"9525fab\" data-element_type=\"widget\" data-e-type=\"widget\" data-widget_type=\"text-editor.default\">\n\t\t\t\t<div class=\"elementor-widget-container\">\n\t\t\t\t\t\t\t\t\t<p>Gli abbonati ad Aiway Magazine e Aiway LAB hanno accesso gratuito a questo tool, se vuoi abbonarti <a href=\"https:\/\/jumper.it\/aiway\/account-iscrizione\/abbonamento\/\"><strong>clicca qui<\/strong><\/a><\/p><p>Se vuoi approfondire, leggi <a href=\"https:\/\/www.newsletter.jumper.it\/p\/dietro-le-mille-parole-nascoste-imparare\"><strong>q<\/strong><strong>ues<\/strong><strong>to post<\/strong> <\/a>della nostra newsletter.<\/p>\t\t\t\t\t\t\t\t<\/div>\n\t\t\t\t<\/div>\n\t\t\t\t\t<\/div>\n\t\t<\/div>\n\t\t\t\t\t<\/div>\n\t\t<\/section>\n\t\t\t\t<section class=\"elementor-section elementor-top-section elementor-element elementor-element-2f2d384 elementor-section-boxed elementor-section-height-default elementor-section-height-default qodef-elementor-content-no\" data-id=\"2f2d384\" data-element_type=\"section\" data-e-type=\"section\">\n\t\t\t\t\t\t<div class=\"elementor-container elementor-column-gap-default\">\n\t\t\t\t\t<div class=\"elementor-column elementor-col-100 elementor-top-column elementor-element elementor-element-dff62fc\" data-id=\"dff62fc\" data-element_type=\"column\" data-e-type=\"column\">\n\t\t\t<div class=\"elementor-widget-wrap elementor-element-populated\">\n\t\t\t\t\t\t<div class=\"elementor-element elementor-element-8b04ef4 elementor-widget elementor-widget-text-editor\" data-id=\"8b04ef4\" data-element_type=\"widget\" data-e-type=\"widget\" data-widget_type=\"text-editor.default\">\n\t\t\t\t<div class=\"elementor-widget-container\">\n\t\t\t\t\t\t\t\t\t<p style=\"text-align: center;\">Per qualsiasi richiesta o domanda <a href=\"mailto:aiway@jumper.it\">scriveteci<\/a>!<\/p>\t\t\t\t\t\t\t\t<\/div>\n\t\t\t\t<\/div>\n\t\t\t\t\t<\/div>\n\t\t<\/div>\n\t\t\t\t\t<\/div>\n\t\t<\/section>\n\t\t\t\t<section class=\"elementor-section elementor-top-section elementor-element elementor-element-6186355 elementor-section-boxed elementor-section-height-default elementor-section-height-default qodef-elementor-content-no\" data-id=\"6186355\" data-element_type=\"section\" data-e-type=\"section\">\n\t\t\t\t\t\t<div class=\"elementor-container elementor-column-gap-default\">\n\t\t\t\t\t<div class=\"elementor-column elementor-col-100 elementor-top-column elementor-element elementor-element-67af72f\" data-id=\"67af72f\" data-element_type=\"column\" data-e-type=\"column\">\n\t\t\t<div class=\"elementor-widget-wrap elementor-element-populated\">\n\t\t\t\t\t\t<div class=\"elementor-element elementor-element-0bad87f elementor-widget-divider--view-line elementor-widget elementor-widget-divider\" data-id=\"0bad87f\" data-element_type=\"widget\" data-e-type=\"widget\" data-widget_type=\"divider.default\">\n\t\t\t\t<div class=\"elementor-widget-container\">\n\t\t\t\t\t\t\t<div class=\"elementor-divider\">\n\t\t\t<span class=\"elementor-divider-separator\">\n\t\t\t\t\t\t<\/span>\n\t\t<\/div>\n\t\t\t\t\t\t<\/div>\n\t\t\t\t<\/div>\n\t\t\t\t\t<\/div>\n\t\t<\/div>\n\t\t\t\t\t<\/div>\n\t\t<\/section>\n\t\t\t\t<\/div>\n\t\t","protected":false},"excerpt":{"rendered":"<p>Abbiamo realizzato, in via sperimentale un&#8217;applicazione, con l&#8217;aiuto dell&#8217;AI, attraverso quello che si chiama &#8220;vibe coding&#8220;, ovvero la strada che porta a scrivere codice (per un sito, per un&#8217;app), descrivendo quello che vogliamo ottenere&#8230; e l&#8217;AI lo realizza. Questa web app\u00a0analizza le immagini non tanto per quello che mostrano, ma per quello che significano. Non [&hellip;]<\/p>\n","protected":false},"author":1,"featured_media":14175,"parent":0,"menu_order":0,"comment_status":"closed","ping_status":"closed","template":"","meta":{"pmpro_default_level":"","footnotes":""},"class_list":["post-13086","page","type-page","status-publish","has-post-thumbnail","hentry","pmpro-has-access"],"_links":{"self":[{"href":"https:\/\/jumper.it\/aiway\/wp-json\/wp\/v2\/pages\/13086","targetHints":{"allow":["GET"]}}],"collection":[{"href":"https:\/\/jumper.it\/aiway\/wp-json\/wp\/v2\/pages"}],"about":[{"href":"https:\/\/jumper.it\/aiway\/wp-json\/wp\/v2\/types\/page"}],"author":[{"embeddable":true,"href":"https:\/\/jumper.it\/aiway\/wp-json\/wp\/v2\/users\/1"}],"replies":[{"embeddable":true,"href":"https:\/\/jumper.it\/aiway\/wp-json\/wp\/v2\/comments?post=13086"}],"version-history":[{"count":73,"href":"https:\/\/jumper.it\/aiway\/wp-json\/wp\/v2\/pages\/13086\/revisions"}],"predecessor-version":[{"id":14238,"href":"https:\/\/jumper.it\/aiway\/wp-json\/wp\/v2\/pages\/13086\/revisions\/14238"}],"wp:featuredmedia":[{"embeddable":true,"href":"https:\/\/jumper.it\/aiway\/wp-json\/wp\/v2\/media\/14175"}],"wp:attachment":[{"href":"https:\/\/jumper.it\/aiway\/wp-json\/wp\/v2\/media?parent=13086"}],"curies":[{"name":"wp","href":"https:\/\/api.w.org\/{rel}","templated":true}]}}