{"id":13683,"date":"2025-09-14T13:13:36","date_gmt":"2025-09-14T13:13:36","guid":{"rendered":"https:\/\/jumper.it\/aiway\/?page_id=13683"},"modified":"2025-09-22T21:14:58","modified_gmt":"2025-09-22T21:14:58","slug":"corso-ai-rewind-fast-forward","status":"publish","type":"page","link":"https:\/\/jumper.it\/aiway\/corso-ai-rewind-fast-forward\/","title":{"rendered":"Corso Rewind 2 e Fast Forward"},"content":{"rendered":"\t\t<div data-elementor-type=\"wp-page\" data-elementor-id=\"13683\" class=\"elementor elementor-13683\">\n\t\t\t\t\t\t<section class=\"elementor-section elementor-top-section elementor-element elementor-element-5311489 elementor-section-boxed elementor-section-height-default elementor-section-height-default qodef-elementor-content-no\" data-id=\"5311489\" data-element_type=\"section\" data-e-type=\"section\">\n\t\t\t\t\t\t<div class=\"elementor-container elementor-column-gap-default\">\n\t\t\t\t\t<div class=\"elementor-column elementor-col-50 elementor-top-column elementor-element elementor-element-7be7211\" data-id=\"7be7211\" data-element_type=\"column\" data-e-type=\"column\">\n\t\t\t<div class=\"elementor-widget-wrap elementor-element-populated\">\n\t\t\t\t\t\t<div class=\"elementor-element elementor-element-a59fb0b elementor-widget elementor-widget-text-editor\" data-id=\"a59fb0b\" data-element_type=\"widget\" data-e-type=\"widget\" data-widget_type=\"text-editor.default\">\n\t\t\t\t<div class=\"elementor-widget-container\">\n\t\t\t\t\t\t\t\t\t<p>Torna l&#8217;evento REWIND (e Fast Forward) per l&#8217;aggiornamento AI per i professionisti di immagine e comunicazione, a cura del team di Aiway.\u00a0<\/p><p>\u00a0<\/p><p><strong>QUANDO<br \/><\/strong>Il 29 Settembre 2025, dalle 14 alle 18<\/p><p><strong>DOVE<br \/><\/strong>A Milano, <a href=\"https:\/\/maps.app.goo.gl\/2pvauWFn9Ax3yM636\"><strong>al Campo Teatrale<\/strong><\/a> in Via Casoretto 41\/a <em>(metro 2 verde, fermate Lambrate o Udine, oppure bus 55-62)<\/em><\/p>\t\t\t\t\t\t\t\t<\/div>\n\t\t\t\t<\/div>\n\t\t\t\t\t<\/div>\n\t\t<\/div>\n\t\t\t\t<div class=\"elementor-column elementor-col-50 elementor-top-column elementor-element elementor-element-01a9278\" data-id=\"01a9278\" data-element_type=\"column\" data-e-type=\"column\">\n\t\t\t<div class=\"elementor-widget-wrap elementor-element-populated\">\n\t\t\t\t\t\t<div class=\"elementor-element elementor-element-78b60de elementor-widget elementor-widget-image\" data-id=\"78b60de\" data-element_type=\"widget\" data-e-type=\"widget\" data-widget_type=\"image.default\">\n\t\t\t\t<div class=\"elementor-widget-container\">\n\t\t\t\t\t\t\t\t\t\t\t\t\t\t\t<img fetchpriority=\"high\" decoding=\"async\" width=\"1024\" height=\"650\" src=\"https:\/\/jumper.it\/aiway\/wp-content\/uploads\/2025\/09\/Aiway_RewindFFWD-1024x650.jpg\" class=\"attachment-large size-large wp-image-13685\" alt=\"Corso AI | Rewind 2 e Fast Forward\" srcset=\"https:\/\/jumper.it\/aiway\/wp-content\/uploads\/2025\/09\/Aiway_RewindFFWD-1024x650.jpg 1024w, https:\/\/jumper.it\/aiway\/wp-content\/uploads\/2025\/09\/Aiway_RewindFFWD-300x190.jpg 300w, https:\/\/jumper.it\/aiway\/wp-content\/uploads\/2025\/09\/Aiway_RewindFFWD-768x487.jpg 768w, https:\/\/jumper.it\/aiway\/wp-content\/uploads\/2025\/09\/Aiway_RewindFFWD-1536x975.jpg 1536w, https:\/\/jumper.it\/aiway\/wp-content\/uploads\/2025\/09\/Aiway_RewindFFWD.jpg 1815w\" sizes=\"(max-width: 1024px) 100vw, 1024px\" \/>\t\t\t\t\t\t\t\t\t\t\t\t\t\t\t<\/div>\n\t\t\t\t<\/div>\n\t\t\t\t\t<\/div>\n\t\t<\/div>\n\t\t\t\t\t<\/div>\n\t\t<\/section>\n\t\t\t\t<section class=\"elementor-section elementor-top-section elementor-element elementor-element-11fa580 elementor-section-boxed elementor-section-height-default elementor-section-height-default qodef-elementor-content-no\" data-id=\"11fa580\" data-element_type=\"section\" data-e-type=\"section\">\n\t\t\t\t\t\t<div class=\"elementor-container elementor-column-gap-default\">\n\t\t\t\t\t<div class=\"elementor-column elementor-col-100 elementor-top-column elementor-element elementor-element-43bc696\" data-id=\"43bc696\" data-element_type=\"column\" data-e-type=\"column\">\n\t\t\t<div class=\"elementor-widget-wrap elementor-element-populated\">\n\t\t\t\t\t\t<div class=\"elementor-element elementor-element-ecb5620 elementor-widget-divider--view-line elementor-widget elementor-widget-divider\" data-id=\"ecb5620\" data-element_type=\"widget\" data-e-type=\"widget\" data-widget_type=\"divider.default\">\n\t\t\t\t<div class=\"elementor-widget-container\">\n\t\t\t\t\t\t\t<div class=\"elementor-divider\">\n\t\t\t<span class=\"elementor-divider-separator\">\n\t\t\t\t\t\t<\/span>\n\t\t<\/div>\n\t\t\t\t\t\t<\/div>\n\t\t\t\t<\/div>\n\t\t\t\t\t<\/div>\n\t\t<\/div>\n\t\t\t\t\t<\/div>\n\t\t<\/section>\n\t\t\t\t<section class=\"elementor-section elementor-top-section elementor-element elementor-element-67cd48b elementor-section-boxed elementor-section-height-default elementor-section-height-default qodef-elementor-content-no\" data-id=\"67cd48b\" data-element_type=\"section\" data-e-type=\"section\">\n\t\t\t\t\t\t<div class=\"elementor-container elementor-column-gap-default\">\n\t\t\t\t\t<div class=\"elementor-column elementor-col-16 elementor-top-column elementor-element elementor-element-9ec3ad3\" data-id=\"9ec3ad3\" data-element_type=\"column\" data-e-type=\"column\">\n\t\t\t<div class=\"elementor-widget-wrap\">\n\t\t\t\t\t\t\t<\/div>\n\t\t<\/div>\n\t\t\t\t<div class=\"elementor-column elementor-col-66 elementor-top-column elementor-element elementor-element-3734ff9\" data-id=\"3734ff9\" data-element_type=\"column\" data-e-type=\"column\">\n\t\t\t<div class=\"elementor-widget-wrap elementor-element-populated\">\n\t\t\t\t\t\t<div class=\"elementor-element elementor-element-94cb2c7 elementor-widget elementor-widget-text-editor\" data-id=\"94cb2c7\" data-element_type=\"widget\" data-e-type=\"widget\" data-widget_type=\"text-editor.default\">\n\t\t\t\t<div class=\"elementor-widget-container\">\n\t\t\t\t\t\t\t\t\t<p class=\"p1\"><strong>PROGRAMMA<\/strong><br \/>Breve sintesi di Rewind 1 | Recupero per tutti<\/p><p class=\"p1\"><strong>INTRODUZIONE<\/strong><br \/>Cosa \u00e8 successo nel 2025?<br \/>Il mercato dell&#8217;AI (i trend, gli esempi, i problemi per chi crea immagini)<\/p><p class=\"p1\"><strong>IMMAGINE<\/strong> (fotorealistica, post-produzione, design, illustrazione)<\/p><p class=\"p1\"><strong>Nano Banana<\/strong> &#8211; come cambia il product placement nell&#8217;AI (e la post produzione)<\/p><p class=\"p1\"><strong>MidJourney V7<\/strong>. Perch\u00e9 \u00e8 ancora oggi il migliore sistema di generazione di immagini e come trarne il meglio. Analisi degli strumenti, delle tecniche di prompting, uso del draft e degli upscales, come funzionano i parametri e come usarli in modo efficace.<\/p><p class=\"p1\">In particolare ci soffermeremo su:<\/p><p class=\"p1\"><strong>Omnireference<\/strong><\/p><p class=\"p1\"><strong>Nuovi Sref<\/strong> (come usarli e come &#8220;recuperare&#8221; quelli precedenti)<\/p><p class=\"p1\"><strong>&#8211;exp<\/strong> (il parametro pi\u00f9 &#8220;sperimentale&#8221;)<\/p><p class=\"p1\"><strong>Adobe<\/strong><br \/>Prodotti AI e strategie di <strong>Photoshop<\/strong> e <strong>Firefly<\/strong> (per il presente e il futuro)<br \/>Inserimento di nuovi modelli AI in Firefly<br \/>La questione (da valutare seriamente) dei crediti AI (inclusi e quanti nella CC)<br \/><strong>Plug-in e script<\/strong> per automatizzare Photoshop con l&#8217;AI<\/p><p class=\"p1\">Il resto dell&#8217;universo (una visione allargata su outsider e alternative)<\/p><p class=\"p1\"><strong>VIDEO e AUDIO<\/strong><br \/>Video Midjourney<br \/>Google <strong>Veo3<\/strong> con audio<br \/><strong>Kling<\/strong>, <strong>Higgsfield<\/strong> e gli altri<br \/>I flussi, i processi, le evoluzioni<br \/>Composizione di <strong>musica<\/strong> per video e progetti multimediali (Suno)<br \/><strong>Voce per podcast<\/strong>, per contenuti multimediali, per progetti audiovisivi (ElevenLabs)<\/p><p class=\"p1\"><strong>WEB | DIGITAL | CODING<\/strong><br \/>Introduzione al concetto di <strong>Vibecoding<\/strong> e perch\u00e9 pu\u00f2 essere un&#8217;arma per i creativi<br \/>Realizzare siti in codice&#8230; senza saper nulla di codice<br \/>Realizzazione di effetti interattivi in codice&#8230; senza saper nulla di codice<\/p><p class=\"p1\"><strong>MARKETING E GESTIONE DEL LAVORO<\/strong><br \/><strong>ChatGPT<\/strong> (e simili), perch\u00e9 sono importanti ANCHE nel nostro lavoro di creativi?<br \/>Contenuti <strong>social<\/strong>: come creare flussi automatizzati ed efficienti<br \/>La rivoluzione dell&#8217;AI Overview di Google e l&#8217;impatto sull&#8217;accesso ai siti (anche il vostro)<br \/>Evoluzione della <strong>SEO<\/strong>: come farsi trovare, oggi e nel futuro<br \/>Costi dell&#8217;AI, costi delle immagini AI<\/p><p class=\"p1\"><strong>CONCLUSIONI E SCENARI<\/strong><br \/>Posizionamento del mestiere del creativo dell&#8217;immagine<br \/>Da immagine a progetto<br \/>Da progetto a prodotto<br \/>Da tassello della catena a regista\/direttore di orchestra.<\/p><p>\u00a0<\/p><p><em>Il corso verr\u00e0 registrato e i partecipanti riceveranno la registrazione; si pu\u00f2 anche acquistare solo il video. Non \u00e8 previsto streaming.\u00a0<br \/><\/em><\/p>\t\t\t\t\t\t\t\t<\/div>\n\t\t\t\t<\/div>\n\t\t\t\t\t<\/div>\n\t\t<\/div>\n\t\t\t\t<div class=\"elementor-column elementor-col-16 elementor-top-column elementor-element elementor-element-a876241\" data-id=\"a876241\" data-element_type=\"column\" data-e-type=\"column\">\n\t\t\t<div class=\"elementor-widget-wrap\">\n\t\t\t\t\t\t\t<\/div>\n\t\t<\/div>\n\t\t\t\t\t<\/div>\n\t\t<\/section>\n\t\t\t\t<section class=\"elementor-section elementor-top-section elementor-element elementor-element-626c194 elementor-section-boxed elementor-section-height-default elementor-section-height-default qodef-elementor-content-no\" data-id=\"626c194\" data-element_type=\"section\" data-e-type=\"section\">\n\t\t\t\t\t\t<div class=\"elementor-container elementor-column-gap-default\">\n\t\t\t\t\t<div class=\"elementor-column elementor-col-100 elementor-top-column elementor-element elementor-element-3bdb33a\" data-id=\"3bdb33a\" data-element_type=\"column\" data-e-type=\"column\">\n\t\t\t<div class=\"elementor-widget-wrap elementor-element-populated\">\n\t\t\t\t\t\t<div class=\"elementor-element elementor-element-656a26a elementor-widget-divider--view-line elementor-widget elementor-widget-divider\" data-id=\"656a26a\" data-element_type=\"widget\" data-e-type=\"widget\" data-widget_type=\"divider.default\">\n\t\t\t\t<div class=\"elementor-widget-container\">\n\t\t\t\t\t\t\t<div class=\"elementor-divider\">\n\t\t\t<span class=\"elementor-divider-separator\">\n\t\t\t\t\t\t<\/span>\n\t\t<\/div>\n\t\t\t\t\t\t<\/div>\n\t\t\t\t<\/div>\n\t\t\t\t\t<\/div>\n\t\t<\/div>\n\t\t\t\t\t<\/div>\n\t\t<\/section>\n\t\t\t\t<section class=\"elementor-section elementor-top-section elementor-element elementor-element-6beee82 elementor-section-boxed elementor-section-height-default elementor-section-height-default qodef-elementor-content-no\" data-id=\"6beee82\" data-element_type=\"section\" data-e-type=\"section\">\n\t\t\t\t\t\t<div class=\"elementor-container elementor-column-gap-default\">\n\t\t\t\t\t<div class=\"elementor-column elementor-col-16 elementor-top-column elementor-element elementor-element-6fcaf72\" data-id=\"6fcaf72\" data-element_type=\"column\" data-e-type=\"column\">\n\t\t\t<div class=\"elementor-widget-wrap\">\n\t\t\t\t\t\t\t<\/div>\n\t\t<\/div>\n\t\t\t\t<div class=\"elementor-column elementor-col-66 elementor-top-column elementor-element elementor-element-2e89d05\" data-id=\"2e89d05\" data-element_type=\"column\" data-e-type=\"column\">\n\t\t\t<div class=\"elementor-widget-wrap elementor-element-populated\">\n\t\t\t\t\t\t<div class=\"elementor-element elementor-element-262458c elementor-widget elementor-widget-text-editor\" data-id=\"262458c\" data-element_type=\"widget\" data-e-type=\"widget\" data-widget_type=\"text-editor.default\">\n\t\t\t\t<div class=\"elementor-widget-container\">\n\t\t\t\t\t\t\t\t\t<p><strong>ACQUISTA<br \/><\/strong><\/p><p class=\"p1\"><span class=\"s1\"><b>Se NON sei abbonato ad AiwayLAB \u2192<\/b> Acquista il corso nella soluzione: <\/span><\/p><p class=\"p1\"><span class=\"s2\"><span class=\"s1\"><b>\u2192<\/b>\u00a0<\/span><em><a href=\"https:\/\/www.paypal.com\/ncp\/payment\/RUV34VJN8DDAA\">in presenza (\u20ac135+iva &#8211; paga in tre rate)<\/a><\/em><\/span><\/p><p class=\"p1\"><span class=\"s2\"><span class=\"s1\"><b>\u2192<\/b>\u00a0<\/span><em><a href=\"https:\/\/www.paypal.com\/ncp\/payment\/ATPEEKKCKAVME\">solo video (\u20ac110+iva &#8211; paga in tre rate)<\/a><\/em><\/span><\/p><p class=\"p1\"><em><span class=\"s1\">\u00a0<\/span><\/em><\/p><p class=\"p1\"><span class=\"s1\"><b>Se SEI gi\u00e0 abbonato ad AiwayLAB<\/b> \u2192 <\/span><span class=\"s1\">riceverai il video gratis senza alcun costo, ma se vuoi esserci in presenza aggiungi solo 29 \u20ac + Iva <b>\u2192<\/b>\u00a0 <a href=\"https:\/\/www.paypal.com\/ncp\/payment\/P8S4MN52QZQW2\"><span class=\"s2\"><i>acquista questa integrazione<\/i><\/span><\/a><\/span><\/p><p class=\"p1\"><span class=\"s1\"> A te \u00e8 riservato anche un incontro speciale esclusivo per i LAB al mattino dalle 10 alle 13!<\/span><\/p><p class=\"p1\"><span class=\"s1\"><b>Se ti abboni <em>ora<\/em> ad AiwayLAB <\/b>(a \u20ac98+iva) <b> \u2192<\/b> riceverai il corso SOLO VIDEO e tutti i vantaggi dell&#8217;abbonamento (v. punto sopra). <strong>Se noti bene&#8230; ti costa meno del corso e lo include \ud83d\ude09<\/strong><br \/><b>\u2192<\/b> <a href=\"https:\/\/jumper.it\/aiway\/account-iscrizione\/pagamento-iscrizione\/?pmpro_level=4\"><span class=\"s2\"><i>abbonati ad AiwayLAB a \u20ac98+iva (paga in tre rate)<\/i><\/span><\/a><br \/><b>\u2192<\/b> <a href=\"https:\/\/www.paypal.com\/ncp\/payment\/VEWPYKS8L52DE\" target=\"_blank\" rel=\"noopener\"><span class=\"s2\"><i>abbonati ad AiwayLAB + integrazione presenza al corso a \u20ac127+iva (paga in tre rate)<\/i><\/span><\/a><\/span><\/p>\t\t\t\t\t\t\t\t<\/div>\n\t\t\t\t<\/div>\n\t\t\t\t\t<\/div>\n\t\t<\/div>\n\t\t\t\t<div class=\"elementor-column elementor-col-16 elementor-top-column elementor-element elementor-element-5b4824a\" data-id=\"5b4824a\" data-element_type=\"column\" data-e-type=\"column\">\n\t\t\t<div class=\"elementor-widget-wrap\">\n\t\t\t\t\t\t\t<\/div>\n\t\t<\/div>\n\t\t\t\t\t<\/div>\n\t\t<\/section>\n\t\t\t\t<section class=\"elementor-section elementor-top-section elementor-element elementor-element-c55aa1b elementor-section-boxed elementor-section-height-default elementor-section-height-default qodef-elementor-content-no\" data-id=\"c55aa1b\" data-element_type=\"section\" data-e-type=\"section\">\n\t\t\t\t\t\t<div class=\"elementor-container elementor-column-gap-default\">\n\t\t\t\t\t<div class=\"elementor-column elementor-col-16 elementor-top-column elementor-element elementor-element-8a80a56\" data-id=\"8a80a56\" data-element_type=\"column\" data-e-type=\"column\">\n\t\t\t<div class=\"elementor-widget-wrap\">\n\t\t\t\t\t\t\t<\/div>\n\t\t<\/div>\n\t\t\t\t<div class=\"elementor-column elementor-col-66 elementor-top-column elementor-element elementor-element-9081fde\" data-id=\"9081fde\" data-element_type=\"column\" data-e-type=\"column\">\n\t\t\t<div class=\"elementor-widget-wrap elementor-element-populated\">\n\t\t\t\t\t\t<div class=\"elementor-element elementor-element-67c64fb elementor-widget-divider--view-line elementor-widget elementor-widget-divider\" data-id=\"67c64fb\" data-element_type=\"widget\" data-e-type=\"widget\" data-widget_type=\"divider.default\">\n\t\t\t\t<div class=\"elementor-widget-container\">\n\t\t\t\t\t\t\t<div class=\"elementor-divider\">\n\t\t\t<span class=\"elementor-divider-separator\">\n\t\t\t\t\t\t<\/span>\n\t\t<\/div>\n\t\t\t\t\t\t<\/div>\n\t\t\t\t<\/div>\n\t\t\t\t\t<\/div>\n\t\t<\/div>\n\t\t\t\t<div class=\"elementor-column elementor-col-16 elementor-top-column elementor-element elementor-element-3bbf2d9\" data-id=\"3bbf2d9\" data-element_type=\"column\" data-e-type=\"column\">\n\t\t\t<div class=\"elementor-widget-wrap\">\n\t\t\t\t\t\t\t<\/div>\n\t\t<\/div>\n\t\t\t\t\t<\/div>\n\t\t<\/section>\n\t\t\t\t<section class=\"elementor-section elementor-top-section elementor-element elementor-element-127a163 elementor-section-boxed elementor-section-height-default elementor-section-height-default qodef-elementor-content-no\" data-id=\"127a163\" data-element_type=\"section\" data-e-type=\"section\">\n\t\t\t\t\t\t<div class=\"elementor-container elementor-column-gap-default\">\n\t\t\t\t\t<div class=\"elementor-column elementor-col-16 elementor-top-column elementor-element elementor-element-d232b75\" data-id=\"d232b75\" data-element_type=\"column\" data-e-type=\"column\">\n\t\t\t<div class=\"elementor-widget-wrap\">\n\t\t\t\t\t\t\t<\/div>\n\t\t<\/div>\n\t\t\t\t<div class=\"elementor-column elementor-col-66 elementor-top-column elementor-element elementor-element-e0c1029\" data-id=\"e0c1029\" data-element_type=\"column\" data-e-type=\"column\">\n\t\t\t<div class=\"elementor-widget-wrap elementor-element-populated\">\n\t\t\t\t\t\t<div class=\"elementor-element elementor-element-47869c5 elementor-widget elementor-widget-text-editor\" data-id=\"47869c5\" data-element_type=\"widget\" data-e-type=\"widget\" data-widget_type=\"text-editor.default\">\n\t\t\t\t<div class=\"elementor-widget-container\">\n\t\t\t\t\t\t\t\t\t<p>Dubbi, domande? <a href=\"mailto:aiway@jumper.it\">Scrivici un&#8217;email<\/a>.<\/p>\t\t\t\t\t\t\t\t<\/div>\n\t\t\t\t<\/div>\n\t\t\t\t\t<\/div>\n\t\t<\/div>\n\t\t\t\t<div class=\"elementor-column elementor-col-16 elementor-top-column elementor-element elementor-element-ac9308c\" data-id=\"ac9308c\" data-element_type=\"column\" data-e-type=\"column\">\n\t\t\t<div class=\"elementor-widget-wrap\">\n\t\t\t\t\t\t\t<\/div>\n\t\t<\/div>\n\t\t\t\t\t<\/div>\n\t\t<\/section>\n\t\t\t\t<section class=\"elementor-section elementor-top-section elementor-element elementor-element-f0cb0b3 elementor-section-boxed elementor-section-height-default elementor-section-height-default qodef-elementor-content-no\" data-id=\"f0cb0b3\" data-element_type=\"section\" data-e-type=\"section\">\n\t\t\t\t\t\t<div class=\"elementor-container elementor-column-gap-default\">\n\t\t\t\t\t<div class=\"elementor-column elementor-col-16 elementor-top-column elementor-element elementor-element-23ff4f6\" data-id=\"23ff4f6\" data-element_type=\"column\" data-e-type=\"column\">\n\t\t\t<div class=\"elementor-widget-wrap\">\n\t\t\t\t\t\t\t<\/div>\n\t\t<\/div>\n\t\t\t\t<div class=\"elementor-column elementor-col-66 elementor-top-column elementor-element elementor-element-22a31f4\" data-id=\"22a31f4\" data-element_type=\"column\" data-e-type=\"column\">\n\t\t\t<div class=\"elementor-widget-wrap elementor-element-populated\">\n\t\t\t\t\t\t<div class=\"elementor-element elementor-element-b306358 elementor-widget-divider--view-line elementor-widget elementor-widget-divider\" data-id=\"b306358\" data-element_type=\"widget\" data-e-type=\"widget\" data-widget_type=\"divider.default\">\n\t\t\t\t<div class=\"elementor-widget-container\">\n\t\t\t\t\t\t\t<div class=\"elementor-divider\">\n\t\t\t<span class=\"elementor-divider-separator\">\n\t\t\t\t\t\t<\/span>\n\t\t<\/div>\n\t\t\t\t\t\t<\/div>\n\t\t\t\t<\/div>\n\t\t\t\t\t<\/div>\n\t\t<\/div>\n\t\t\t\t<div class=\"elementor-column elementor-col-16 elementor-top-column elementor-element elementor-element-2e06d08\" data-id=\"2e06d08\" data-element_type=\"column\" data-e-type=\"column\">\n\t\t\t<div class=\"elementor-widget-wrap\">\n\t\t\t\t\t\t\t<\/div>\n\t\t<\/div>\n\t\t\t\t\t<\/div>\n\t\t<\/section>\n\t\t\t\t<\/div>\n\t\t","protected":false},"excerpt":{"rendered":"<p>Torna l&#8217;evento REWIND (e Fast Forward) per l&#8217;aggiornamento AI per i professionisti di immagine e comunicazione, a cura del team di Aiway.\u00a0 \u00a0 QUANDOIl 29 Settembre 2025, dalle 14 alle 18 DOVEA Milano, al Campo Teatrale in Via Casoretto 41\/a (metro 2 verde, fermate Lambrate o Udine, oppure bus 55-62) PROGRAMMABreve sintesi di Rewind 1 [&hellip;]<\/p>\n","protected":false},"author":2,"featured_media":13685,"parent":0,"menu_order":0,"comment_status":"closed","ping_status":"closed","template":"","meta":{"pmpro_default_level":"","footnotes":""},"class_list":["post-13683","page","type-page","status-publish","has-post-thumbnail","hentry","pmpro-has-access"],"_links":{"self":[{"href":"https:\/\/jumper.it\/aiway\/wp-json\/wp\/v2\/pages\/13683","targetHints":{"allow":["GET"]}}],"collection":[{"href":"https:\/\/jumper.it\/aiway\/wp-json\/wp\/v2\/pages"}],"about":[{"href":"https:\/\/jumper.it\/aiway\/wp-json\/wp\/v2\/types\/page"}],"author":[{"embeddable":true,"href":"https:\/\/jumper.it\/aiway\/wp-json\/wp\/v2\/users\/2"}],"replies":[{"embeddable":true,"href":"https:\/\/jumper.it\/aiway\/wp-json\/wp\/v2\/comments?post=13683"}],"version-history":[{"count":40,"href":"https:\/\/jumper.it\/aiway\/wp-json\/wp\/v2\/pages\/13683\/revisions"}],"predecessor-version":[{"id":13727,"href":"https:\/\/jumper.it\/aiway\/wp-json\/wp\/v2\/pages\/13683\/revisions\/13727"}],"wp:featuredmedia":[{"embeddable":true,"href":"https:\/\/jumper.it\/aiway\/wp-json\/wp\/v2\/media\/13685"}],"wp:attachment":[{"href":"https:\/\/jumper.it\/aiway\/wp-json\/wp\/v2\/media?parent=13683"}],"curies":[{"name":"wp","href":"https:\/\/api.w.org\/{rel}","templated":true}]}}