{"id":9720,"date":"2023-12-27T11:47:03","date_gmt":"2023-12-27T11:47:03","guid":{"rendered":"https:\/\/jumper.it\/aiway\/?page_id=9720"},"modified":"2023-12-29T09:01:59","modified_gmt":"2023-12-29T09:01:59","slug":"numero2","status":"publish","type":"page","link":"https:\/\/jumper.it\/aiway\/numeri\/numero2\/","title":{"rendered":"Numero 2"},"content":{"rendered":"<p>Una delle novit\u00e0 autunnali pi\u00f9 complesse ma dalle maggiori potenzialit\u00e0. Esploriamo insieme lo \"Style Tuner\".<\/p>\n<div class=\"pmpro\"><div class=\"pmpro_card pmpro_content_message\"><div class=\"pmpro_card_content\"><b>Questo \u00e8 un contenuto riservato agli abbonati<\/b> <br \/><a href=\"https:\/\/jumper.it\/aiway\/account-iscrizione\/abbonamento\/\">Registrati<\/a>.<\/div><div class=\"pmpro_card_actions pmpro_font-medium\">Already a member? <a href=\"https:\/\/jumper.it\/aiway\/login\/?redirect_to=https%3A%2F%2Fjumper.it%2Faiway%2Fmidjourney-style-tuner%2F\">Accedi<\/a><\/div><\/div><\/div>","protected":false},"excerpt":{"rendered":"<p>Una delle novit\u00e0 autunnali pi\u00f9 complesse ma dalle maggiori potenzialit\u00e0. Esploriamo insieme lo \"Style Tuner\".<\/p>\n<div class=\"pmpro\"><div class=\"pmpro_card pmpro_content_message\"><div class=\"pmpro_card_content\"><b>Questo \u00e8 un contenuto riservato agli abbonati<\/b> <br \/><a href=\"https:\/\/jumper.it\/aiway\/account-iscrizione\/abbonamento\/\">Registrati<\/a>.<\/div><div class=\"pmpro_card_actions pmpro_font-medium\">Already a member? <a href=\"https:\/\/jumper.it\/aiway\/login\/?redirect_to=https%3A%2F%2Fjumper.it%2Faiway%2Fmidjourney-style-tuner%2F\">Accedi<\/a><\/div><\/div><\/div>","protected":false},"author":1,"featured_media":0,"parent":9729,"menu_order":0,"comment_status":"closed","ping_status":"closed","template":"page-full-width.php","meta":{"pmpro_default_level":"","footnotes":""},"class_list":["post-9720","page","type-page","status-publish","hentry","pmpro-has-access"],"_links":{"self":[{"href":"https:\/\/jumper.it\/aiway\/wp-json\/wp\/v2\/pages\/9720","targetHints":{"allow":["GET"]}}],"collection":[{"href":"https:\/\/jumper.it\/aiway\/wp-json\/wp\/v2\/pages"}],"about":[{"href":"https:\/\/jumper.it\/aiway\/wp-json\/wp\/v2\/types\/page"}],"author":[{"embeddable":true,"href":"https:\/\/jumper.it\/aiway\/wp-json\/wp\/v2\/users\/1"}],"replies":[{"embeddable":true,"href":"https:\/\/jumper.it\/aiway\/wp-json\/wp\/v2\/comments?post=9720"}],"version-history":[{"count":28,"href":"https:\/\/jumper.it\/aiway\/wp-json\/wp\/v2\/pages\/9720\/revisions"}],"predecessor-version":[{"id":9828,"href":"https:\/\/jumper.it\/aiway\/wp-json\/wp\/v2\/pages\/9720\/revisions\/9828"}],"up":[{"embeddable":true,"href":"https:\/\/jumper.it\/aiway\/wp-json\/wp\/v2\/pages\/9729"}],"wp:attachment":[{"href":"https:\/\/jumper.it\/aiway\/wp-json\/wp\/v2\/media?parent=9720"}],"curies":[{"name":"wp","href":"https:\/\/api.w.org\/{rel}","templated":true}]}}