{"id":9729,"date":"2023-12-27T11:45:38","date_gmt":"2023-12-27T11:45:38","guid":{"rendered":"https:\/\/jumper.it\/aiway\/?page_id=9729"},"modified":"2026-01-05T14:20:50","modified_gmt":"2026-01-05T14:20:50","slug":"numeri","status":"publish","type":"page","link":"https:\/\/jumper.it\/aiway\/numeri\/","title":{"rendered":"Numeri"},"content":{"rendered":"\t\t<div data-elementor-type=\"wp-page\" data-elementor-id=\"9729\" class=\"elementor elementor-9729\">\n\t\t\t\t\t\t<section class=\"elementor-section elementor-top-section elementor-element elementor-element-1cd06ba aiway_numeri_list elementor-section-boxed elementor-section-height-default elementor-section-height-default qodef-elementor-content-no\" data-id=\"1cd06ba\" data-element_type=\"section\" data-e-type=\"section\">\n\t\t\t\t\t\t<div class=\"elementor-container elementor-column-gap-default\">\n\t\t\t\t\t<div class=\"elementor-column elementor-col-100 elementor-top-column elementor-element elementor-element-070b369\" data-id=\"070b369\" data-element_type=\"column\" data-e-type=\"column\">\n\t\t\t<div class=\"elementor-widget-wrap elementor-element-populated\">\n\t\t\t\t\t\t<section class=\"elementor-section elementor-inner-section elementor-element elementor-element-d8a4398 elementor-section-boxed elementor-section-height-default elementor-section-height-default qodef-elementor-content-no\" data-id=\"d8a4398\" data-element_type=\"section\" data-e-type=\"section\">\n\t\t\t\t\t\t<div class=\"elementor-container elementor-column-gap-default\">\n\t\t\t\t\t<div class=\"elementor-column elementor-col-50 elementor-inner-column elementor-element elementor-element-f6a90e5\" data-id=\"f6a90e5\" data-element_type=\"column\" data-e-type=\"column\">\n\t\t\t<div class=\"elementor-widget-wrap elementor-element-populated\">\n\t\t\t\t\t\t<div class=\"elementor-element elementor-element-bbc77d2 elementor-widget elementor-widget-qi_addons_for_elementor_banner\" data-id=\"bbc77d2\" data-element_type=\"widget\" data-e-type=\"widget\" data-widget_type=\"qi_addons_for_elementor_banner.default\">\n\t\t\t\t<div class=\"elementor-widget-container\">\n\t\t\t\t\t<div class=\"qodef-shortcode qodef-m qodef-qi-banner qodef-layout--in-box qodef-vertical--bottom qodef-horizontal--left qodef-image--hover-zoom\">\n\t<div class=\"qodef-m-image\">\n\t<img fetchpriority=\"high\" decoding=\"async\" width=\"2160\" height=\"2160\" src=\"https:\/\/jumper.it\/aiway\/wp-content\/uploads\/2023\/12\/Aiway1.jpg\" class=\"attachment-full size-full\" alt=\"\" srcset=\"https:\/\/jumper.it\/aiway\/wp-content\/uploads\/2023\/12\/Aiway1.jpg 2160w, https:\/\/jumper.it\/aiway\/wp-content\/uploads\/2023\/12\/Aiway1-300x300.jpg 300w, https:\/\/jumper.it\/aiway\/wp-content\/uploads\/2023\/12\/Aiway1-1024x1024.jpg 1024w, https:\/\/jumper.it\/aiway\/wp-content\/uploads\/2023\/12\/Aiway1-150x150.jpg 150w, https:\/\/jumper.it\/aiway\/wp-content\/uploads\/2023\/12\/Aiway1-768x768.jpg 768w, https:\/\/jumper.it\/aiway\/wp-content\/uploads\/2023\/12\/Aiway1-1536x1536.jpg 1536w, https:\/\/jumper.it\/aiway\/wp-content\/uploads\/2023\/12\/Aiway1-2048x2048.jpg 2048w, https:\/\/jumper.it\/aiway\/wp-content\/uploads\/2023\/12\/Aiway1-650x650.jpg 650w, https:\/\/jumper.it\/aiway\/wp-content\/uploads\/2023\/12\/Aiway1-1300x1300.jpg 1300w\" sizes=\"(max-width: 2160px) 100vw, 2160px\" \/><\/div>\n\t<div class=\"qodef-m-content\">\n\t\t<div class=\"qodef-m-content-inner\">\n\t\t\t\t\t\t\t<h3 class=\"qodef-m-title\">\n\t\tNumero 1\t<\/h3>\n\t\t\t\t<p class=\"qodef-m-text\">\n\t\tIl numero 1 di Aiway Magazine \u00e8 dedicato all&#039;era del post umano, non per trasformarci in macchine, ma anzi per farci scoprire meglio il valore dell&#039;umanit\u00e0.\t<\/p>\n\t\t\t\t\t<\/div>\n\t<\/div>\n\t\t<a itemprop=\"url\" href=\"https:\/\/jumper.it\/aiway\/numeri\/numero1\" class=\"qodef-m-banner-link\" target=\"_self\"><\/a>\n<\/div>\n\t\t\t\t<\/div>\n\t\t\t\t<\/div>\n\t\t\t\t\t<\/div>\n\t\t<\/div>\n\t\t\t\t<div class=\"elementor-column elementor-col-50 elementor-inner-column elementor-element elementor-element-d6d8f13\" data-id=\"d6d8f13\" data-element_type=\"column\" data-e-type=\"column\">\n\t\t\t<div class=\"elementor-widget-wrap elementor-element-populated\">\n\t\t\t\t\t\t<div class=\"elementor-element elementor-element-76caf43 elementor-widget elementor-widget-qi_addons_for_elementor_banner\" data-id=\"76caf43\" data-element_type=\"widget\" data-e-type=\"widget\" data-widget_type=\"qi_addons_for_elementor_banner.default\">\n\t\t\t\t<div class=\"elementor-widget-container\">\n\t\t\t\t\t<div class=\"qodef-shortcode qodef-m qodef-qi-banner qodef-layout--in-box qodef-vertical--bottom qodef-horizontal--left qodef-image--hover-zoom\">\n\t<div class=\"qodef-m-image\">\n\t<img decoding=\"async\" width=\"1080\" height=\"1080\" src=\"https:\/\/jumper.it\/aiway\/wp-content\/uploads\/2023\/12\/AW_2_Numero2_Box_Pagina_NUmeri.jpg\" class=\"attachment-full size-full\" alt=\"\" srcset=\"https:\/\/jumper.it\/aiway\/wp-content\/uploads\/2023\/12\/AW_2_Numero2_Box_Pagina_NUmeri.jpg 1080w, https:\/\/jumper.it\/aiway\/wp-content\/uploads\/2023\/12\/AW_2_Numero2_Box_Pagina_NUmeri-300x300.jpg 300w, https:\/\/jumper.it\/aiway\/wp-content\/uploads\/2023\/12\/AW_2_Numero2_Box_Pagina_NUmeri-1024x1024.jpg 1024w, https:\/\/jumper.it\/aiway\/wp-content\/uploads\/2023\/12\/AW_2_Numero2_Box_Pagina_NUmeri-150x150.jpg 150w, https:\/\/jumper.it\/aiway\/wp-content\/uploads\/2023\/12\/AW_2_Numero2_Box_Pagina_NUmeri-768x768.jpg 768w, https:\/\/jumper.it\/aiway\/wp-content\/uploads\/2023\/12\/AW_2_Numero2_Box_Pagina_NUmeri-650x650.jpg 650w\" sizes=\"(max-width: 1080px) 100vw, 1080px\" \/><\/div>\n\t<div class=\"qodef-m-content\">\n\t\t<div class=\"qodef-m-content-inner\">\n\t\t\t\t\t\t\t<h3 class=\"qodef-m-title\">\n\t\tNumero 2\t<\/h3>\n\t\t\t\t<p class=\"qodef-m-text\">\n\t\tIl numero due di  Aiway Magazine \u00e8 dedicato alla simbiosi, alla forza congiunta tra mente umana e intelligenza artificiale per generare nuovi potenziali di creativit\u00e0.\t<\/p>\n\t\t\t\t\t<\/div>\n\t<\/div>\n\t\t<a itemprop=\"url\" href=\"https:\/\/jumper.it\/aiway\/numeri\/numero2\/\" class=\"qodef-m-banner-link\" target=\"_self\"><\/a>\n<\/div>\n\t\t\t\t<\/div>\n\t\t\t\t<\/div>\n\t\t\t\t\t<\/div>\n\t\t<\/div>\n\t\t\t\t\t<\/div>\n\t\t<\/section>\n\t\t\t\t<section class=\"elementor-section elementor-inner-section elementor-element elementor-element-b4ccbc1 elementor-section-boxed elementor-section-height-default elementor-section-height-default qodef-elementor-content-no\" data-id=\"b4ccbc1\" data-element_type=\"section\" data-e-type=\"section\">\n\t\t\t\t\t\t<div class=\"elementor-container elementor-column-gap-default\">\n\t\t\t\t\t<div class=\"elementor-column elementor-col-50 elementor-inner-column elementor-element elementor-element-3ae9857\" data-id=\"3ae9857\" data-element_type=\"column\" data-e-type=\"column\">\n\t\t\t<div class=\"elementor-widget-wrap elementor-element-populated\">\n\t\t\t\t\t\t<div class=\"elementor-element elementor-element-aff61c4 elementor-widget elementor-widget-qi_addons_for_elementor_banner\" data-id=\"aff61c4\" data-element_type=\"widget\" data-e-type=\"widget\" data-widget_type=\"qi_addons_for_elementor_banner.default\">\n\t\t\t\t<div class=\"elementor-widget-container\">\n\t\t\t\t\t<div class=\"qodef-shortcode qodef-m qodef-qi-banner qodef-layout--in-box qodef-vertical--bottom qodef-horizontal--left qodef-image--hover-zoom\">\n\t<div class=\"qodef-m-image\">\n\t<img decoding=\"async\" width=\"1080\" height=\"1080\" src=\"https:\/\/jumper.it\/aiway\/wp-content\/uploads\/2024\/04\/aiway3.jpg\" class=\"attachment-full size-full\" alt=\"AIWAY magazine - the optimism issue\" srcset=\"https:\/\/jumper.it\/aiway\/wp-content\/uploads\/2024\/04\/aiway3.jpg 1080w, https:\/\/jumper.it\/aiway\/wp-content\/uploads\/2024\/04\/aiway3-300x300.jpg 300w, https:\/\/jumper.it\/aiway\/wp-content\/uploads\/2024\/04\/aiway3-1024x1024.jpg 1024w, https:\/\/jumper.it\/aiway\/wp-content\/uploads\/2024\/04\/aiway3-150x150.jpg 150w, https:\/\/jumper.it\/aiway\/wp-content\/uploads\/2024\/04\/aiway3-768x768.jpg 768w, https:\/\/jumper.it\/aiway\/wp-content\/uploads\/2024\/04\/aiway3-650x650.jpg 650w\" sizes=\"(max-width: 1080px) 100vw, 1080px\" \/><\/div>\n\t<div class=\"qodef-m-content\">\n\t\t<div class=\"qodef-m-content-inner\">\n\t\t\t\t\t\t\t<h3 class=\"qodef-m-title\">\n\t\tNumero 3\t<\/h3>\n\t\t\t\t<p class=\"qodef-m-text\">\n\t\tAbbiamo dedicato il numero 3 di Aiway Magazine al tema dell&#039;ottimismo.\t<\/p>\n\t\t\t\t\t<\/div>\n\t<\/div>\n\t\t<a itemprop=\"url\" href=\"https:\/\/jumper.it\/aiway\/numeri\/numero3\" class=\"qodef-m-banner-link\" target=\"_self\"><\/a>\n<\/div>\n\t\t\t\t<\/div>\n\t\t\t\t<\/div>\n\t\t\t\t\t<\/div>\n\t\t<\/div>\n\t\t\t\t<div class=\"elementor-column elementor-col-50 elementor-inner-column elementor-element elementor-element-f53b1ac\" data-id=\"f53b1ac\" data-element_type=\"column\" data-e-type=\"column\">\n\t\t\t<div class=\"elementor-widget-wrap elementor-element-populated\">\n\t\t\t\t\t\t<div class=\"elementor-element elementor-element-b324db0 elementor-widget elementor-widget-qi_addons_for_elementor_banner\" data-id=\"b324db0\" data-element_type=\"widget\" data-e-type=\"widget\" data-widget_type=\"qi_addons_for_elementor_banner.default\">\n\t\t\t\t<div class=\"elementor-widget-container\">\n\t\t\t\t\t<div class=\"qodef-shortcode qodef-m qodef-qi-banner qodef-layout--in-box qodef-vertical--bottom qodef-horizontal--left qodef-image--hover-zoom\">\n\t<div class=\"qodef-m-image\">\n\t<img loading=\"lazy\" decoding=\"async\" width=\"780\" height=\"780\" src=\"https:\/\/jumper.it\/aiway\/wp-content\/uploads\/2024\/08\/mentior.jpg\" class=\"attachment-full size-full\" alt=\"Aiway 4 - Mentior\" srcset=\"https:\/\/jumper.it\/aiway\/wp-content\/uploads\/2024\/08\/mentior.jpg 780w, https:\/\/jumper.it\/aiway\/wp-content\/uploads\/2024\/08\/mentior-300x300.jpg 300w, https:\/\/jumper.it\/aiway\/wp-content\/uploads\/2024\/08\/mentior-150x150.jpg 150w, https:\/\/jumper.it\/aiway\/wp-content\/uploads\/2024\/08\/mentior-768x768.jpg 768w, https:\/\/jumper.it\/aiway\/wp-content\/uploads\/2024\/08\/mentior-650x650.jpg 650w\" sizes=\"(max-width: 780px) 100vw, 780px\" \/><\/div>\n\t<div class=\"qodef-m-content\">\n\t\t<div class=\"qodef-m-content-inner\">\n\t\t\t\t\t\t\t<h3 class=\"qodef-m-title\">\n\t\tNumero 4\t<\/h3>\n\t\t\t\t<p class=\"qodef-m-text\">\n\t\tIl numero 4 di Aiway Magazine si intitola &quot;ment\u012dor&quot; \u00e8 dedicato alla verit\u00e0, alla bugia, alla finzione...\t<\/p>\n\t\t\t\t\t<\/div>\n\t<\/div>\n\t\t<a itemprop=\"url\" href=\"https:\/\/jumper.it\/aiway\/numeri\/numero4\" class=\"qodef-m-banner-link\" target=\"_self\"><\/a>\n<\/div>\n\t\t\t\t<\/div>\n\t\t\t\t<\/div>\n\t\t\t\t\t<\/div>\n\t\t<\/div>\n\t\t\t\t\t<\/div>\n\t\t<\/section>\n\t\t\t\t<section class=\"elementor-section elementor-inner-section elementor-element elementor-element-2e89a20 elementor-section-boxed elementor-section-height-default elementor-section-height-default qodef-elementor-content-no\" data-id=\"2e89a20\" data-element_type=\"section\" data-e-type=\"section\">\n\t\t\t\t\t\t<div class=\"elementor-container elementor-column-gap-default\">\n\t\t\t\t\t<div class=\"elementor-column elementor-col-50 elementor-inner-column elementor-element elementor-element-e989eb7\" data-id=\"e989eb7\" data-element_type=\"column\" data-e-type=\"column\">\n\t\t\t<div class=\"elementor-widget-wrap elementor-element-populated\">\n\t\t\t\t\t\t<div class=\"elementor-element elementor-element-a15acac elementor-widget elementor-widget-qi_addons_for_elementor_banner\" data-id=\"a15acac\" data-element_type=\"widget\" data-e-type=\"widget\" data-widget_type=\"qi_addons_for_elementor_banner.default\">\n\t\t\t\t<div class=\"elementor-widget-container\">\n\t\t\t\t\t<div class=\"qodef-shortcode qodef-m qodef-qi-banner qodef-layout--in-box qodef-vertical--bottom qodef-horizontal--left qodef-image--hover-zoom\">\n\t<div class=\"qodef-m-image\">\n\t<img loading=\"lazy\" decoding=\"async\" width=\"780\" height=\"780\" src=\"https:\/\/jumper.it\/aiway\/wp-content\/uploads\/2025\/01\/aiway-numero5_v2.jpg\" class=\"attachment-full size-full\" alt=\"Aiway Magazine - 5\" srcset=\"https:\/\/jumper.it\/aiway\/wp-content\/uploads\/2025\/01\/aiway-numero5_v2.jpg 780w, https:\/\/jumper.it\/aiway\/wp-content\/uploads\/2025\/01\/aiway-numero5_v2-300x300.jpg 300w, https:\/\/jumper.it\/aiway\/wp-content\/uploads\/2025\/01\/aiway-numero5_v2-150x150.jpg 150w, https:\/\/jumper.it\/aiway\/wp-content\/uploads\/2025\/01\/aiway-numero5_v2-768x768.jpg 768w, https:\/\/jumper.it\/aiway\/wp-content\/uploads\/2025\/01\/aiway-numero5_v2-650x650.jpg 650w\" sizes=\"(max-width: 780px) 100vw, 780px\" \/><\/div>\n\t<div class=\"qodef-m-content\">\n\t\t<div class=\"qodef-m-content-inner\">\n\t\t\t\t\t\t\t<h3 class=\"qodef-m-title\">\n\t\tNumero 5\t<\/h3>\n\t\t\t\t<p class=\"qodef-m-text\">\n\t\tIn questo numero facciamo un viaggio nella nostalgIA, anzi nell&#039;anemoIA: scoprite di che si tratta...\t<\/p>\n\t\t\t\t\t<\/div>\n\t<\/div>\n\t\t<a itemprop=\"url\" href=\"https:\/\/jumper.it\/aiway\/numeri\/numero5\" class=\"qodef-m-banner-link\" target=\"_self\"><\/a>\n<\/div>\n\t\t\t\t<\/div>\n\t\t\t\t<\/div>\n\t\t\t\t\t<\/div>\n\t\t<\/div>\n\t\t\t\t<div class=\"elementor-column elementor-col-50 elementor-inner-column elementor-element elementor-element-c0e0dd1\" data-id=\"c0e0dd1\" data-element_type=\"column\" data-e-type=\"column\">\n\t\t\t<div class=\"elementor-widget-wrap elementor-element-populated\">\n\t\t\t\t\t\t<div class=\"elementor-element elementor-element-6a0b36b elementor-widget elementor-widget-qi_addons_for_elementor_banner\" data-id=\"6a0b36b\" data-element_type=\"widget\" data-e-type=\"widget\" data-widget_type=\"qi_addons_for_elementor_banner.default\">\n\t\t\t\t<div class=\"elementor-widget-container\">\n\t\t\t\t\t<div class=\"qodef-shortcode qodef-m qodef-qi-banner qodef-layout--in-box qodef-vertical--bottom qodef-horizontal--left qodef-image--hover-zoom\">\n\t<div class=\"qodef-m-image\">\n\t<img loading=\"lazy\" decoding=\"async\" width=\"1024\" height=\"1024\" src=\"https:\/\/jumper.it\/aiway\/wp-content\/uploads\/2025\/09\/aiway_numero6_indice-1.jpg\" class=\"attachment-full size-full\" alt=\"Aiway Magazine 6\" srcset=\"https:\/\/jumper.it\/aiway\/wp-content\/uploads\/2025\/09\/aiway_numero6_indice-1.jpg 1024w, https:\/\/jumper.it\/aiway\/wp-content\/uploads\/2025\/09\/aiway_numero6_indice-1-300x300.jpg 300w, https:\/\/jumper.it\/aiway\/wp-content\/uploads\/2025\/09\/aiway_numero6_indice-1-150x150.jpg 150w, https:\/\/jumper.it\/aiway\/wp-content\/uploads\/2025\/09\/aiway_numero6_indice-1-768x768.jpg 768w, https:\/\/jumper.it\/aiway\/wp-content\/uploads\/2025\/09\/aiway_numero6_indice-1-650x650.jpg 650w\" sizes=\"(max-width: 1024px) 100vw, 1024px\" \/><\/div>\n\t<div class=\"qodef-m-content\">\n\t\t<div class=\"qodef-m-content-inner\">\n\t\t\t\t\t\t\t<h3 class=\"qodef-m-title\">\n\t\tNumero 6\t<\/h3>\n\t\t\t\t<p class=\"qodef-m-text\">\n\t\tUn numero che affronta la paranoIA, che ci fa esplorare i confini della mente umana e di quella dell\u2019AI...\t<\/p>\n\t\t\t\t\t<\/div>\n\t<\/div>\n\t\t<a itemprop=\"url\" href=\"https:\/\/jumper.it\/aiway\/numeri\/numero-6\" class=\"qodef-m-banner-link\" target=\"_self\"><\/a>\n<\/div>\n\t\t\t\t<\/div>\n\t\t\t\t<\/div>\n\t\t\t\t\t<\/div>\n\t\t<\/div>\n\t\t\t\t\t<\/div>\n\t\t<\/section>\n\t\t\t\t<section class=\"elementor-section elementor-inner-section elementor-element elementor-element-88f28d5 elementor-section-boxed elementor-section-height-default elementor-section-height-default qodef-elementor-content-no\" data-id=\"88f28d5\" data-element_type=\"section\" data-e-type=\"section\">\n\t\t\t\t\t\t<div class=\"elementor-container elementor-column-gap-default\">\n\t\t\t\t\t<div class=\"elementor-column elementor-col-50 elementor-inner-column elementor-element elementor-element-7aea638\" data-id=\"7aea638\" data-element_type=\"column\" data-e-type=\"column\">\n\t\t\t<div class=\"elementor-widget-wrap elementor-element-populated\">\n\t\t\t\t\t\t<div class=\"elementor-element elementor-element-3e08379 elementor-widget elementor-widget-qi_addons_for_elementor_banner\" data-id=\"3e08379\" data-element_type=\"widget\" data-e-type=\"widget\" data-widget_type=\"qi_addons_for_elementor_banner.default\">\n\t\t\t\t<div class=\"elementor-widget-container\">\n\t\t\t\t\t<div class=\"qodef-shortcode qodef-m qodef-qi-banner qodef-layout--in-box qodef-vertical--bottom qodef-horizontal--left qodef-image--hover-zoom\">\n\t<div class=\"qodef-m-image\">\n\t<img loading=\"lazy\" decoding=\"async\" width=\"780\" height=\"780\" src=\"https:\/\/jumper.it\/aiway\/wp-content\/uploads\/2026\/01\/Aiway-7-cover-numeri.jpg\" class=\"attachment-full size-full\" alt=\"Aiway 7 - The nodes issue\" srcset=\"https:\/\/jumper.it\/aiway\/wp-content\/uploads\/2026\/01\/Aiway-7-cover-numeri.jpg 780w, https:\/\/jumper.it\/aiway\/wp-content\/uploads\/2026\/01\/Aiway-7-cover-numeri-300x300.jpg 300w, https:\/\/jumper.it\/aiway\/wp-content\/uploads\/2026\/01\/Aiway-7-cover-numeri-150x150.jpg 150w, https:\/\/jumper.it\/aiway\/wp-content\/uploads\/2026\/01\/Aiway-7-cover-numeri-768x768.jpg 768w, https:\/\/jumper.it\/aiway\/wp-content\/uploads\/2026\/01\/Aiway-7-cover-numeri-650x650.jpg 650w\" sizes=\"(max-width: 780px) 100vw, 780px\" \/><\/div>\n\t<div class=\"qodef-m-content\">\n\t\t<div class=\"qodef-m-content-inner\">\n\t\t\t\t\t\t\t<h3 class=\"qodef-m-title\">\n\t\tNumero 7\t<\/h3>\n\t\t\t\t<p class=\"qodef-m-text\">\n\t\tIn questo settimo numero, parliamo di nodi, di fili, di labirinti, per aiutarvi a trovare la strada.\t<\/p>\n\t\t\t\t\t<\/div>\n\t<\/div>\n\t\t<a itemprop=\"url\" href=\"https:\/\/jumper.it\/aiway\/numeri\/numero-7\" class=\"qodef-m-banner-link\" target=\"_self\"><\/a>\n<\/div>\n\t\t\t\t<\/div>\n\t\t\t\t<\/div>\n\t\t\t\t\t<\/div>\n\t\t<\/div>\n\t\t\t\t<div class=\"elementor-column elementor-col-50 elementor-inner-column elementor-element elementor-element-44336c0\" data-id=\"44336c0\" data-element_type=\"column\" data-e-type=\"column\">\n\t\t\t<div class=\"elementor-widget-wrap\">\n\t\t\t\t\t\t\t<\/div>\n\t\t<\/div>\n\t\t\t\t\t<\/div>\n\t\t<\/section>\n\t\t\t\t\t<\/div>\n\t\t<\/div>\n\t\t\t\t\t<\/div>\n\t\t<\/section>\n\t\t\t\t<\/div>\n\t\t","protected":false},"excerpt":{"rendered":"<p>Numero 1 Il numero 1 di Aiway Magazine \u00e8 dedicato all&#039;era del post umano, non per trasformarci in macchine, ma anzi per farci scoprire meglio il valore dell&#039;umanit\u00e0. Numero 2 Il numero due di Aiway Magazine \u00e8 dedicato alla simbiosi, alla forza congiunta tra mente umana e intelligenza artificiale per generare nuovi potenziali di creativit\u00e0. [&hellip;]<\/p>\n","protected":false},"author":1,"featured_media":0,"parent":0,"menu_order":0,"comment_status":"closed","ping_status":"closed","template":"","meta":{"pmpro_default_level":"","footnotes":""},"class_list":["post-9729","page","type-page","status-publish","hentry","pmpro-has-access"],"_links":{"self":[{"href":"https:\/\/jumper.it\/aiway\/wp-json\/wp\/v2\/pages\/9729","targetHints":{"allow":["GET"]}}],"collection":[{"href":"https:\/\/jumper.it\/aiway\/wp-json\/wp\/v2\/pages"}],"about":[{"href":"https:\/\/jumper.it\/aiway\/wp-json\/wp\/v2\/types\/page"}],"author":[{"embeddable":true,"href":"https:\/\/jumper.it\/aiway\/wp-json\/wp\/v2\/users\/1"}],"replies":[{"embeddable":true,"href":"https:\/\/jumper.it\/aiway\/wp-json\/wp\/v2\/comments?post=9729"}],"version-history":[{"count":67,"href":"https:\/\/jumper.it\/aiway\/wp-json\/wp\/v2\/pages\/9729\/revisions"}],"predecessor-version":[{"id":14065,"href":"https:\/\/jumper.it\/aiway\/wp-json\/wp\/v2\/pages\/9729\/revisions\/14065"}],"wp:attachment":[{"href":"https:\/\/jumper.it\/aiway\/wp-json\/wp\/v2\/media?parent=9729"}],"curies":[{"name":"wp","href":"https:\/\/api.w.org\/{rel}","templated":true}]}}